{"id":27,"date":"2025-07-03T07:00:41","date_gmt":"2025-07-03T05:00:41","guid":{"rendered":"https:\/\/newpab.seelandheim.ch\/?page_id=27"},"modified":"2026-02-23T13:04:55","modified_gmt":"2026-02-23T12:04:55","slug":"lehre_fabe_de","status":"publish","type":"page","link":"https:\/\/www.pre-aux-boeufs.ch\/de\/stellen\/lehre_fabe_de","title":{"rendered":"Lehre_FaBe_de"},"content":{"rendered":"<div class=\"wpb-content-wrapper\"><p>[vc_row full_width=&#8220;stretch_row_content&#8220;][vc_column][\/vc_column][vc_column][\/vc_column][\/vc_row][vc_row el_id=&#8220;arbeiten&#8220;][vc_column]\n        <div class=\"vcBlock-titel\"><p>Werde teil des Teams<\/p><h2>Offene Lehrstelle<\/h2>\n        <\/div>[\/vc_column][\/vc_row][vc_row full_width=&#8220;stretch_row_content&#8220;][vc_column]<div class=\"vc-block-img\"><div data-responsive-background-image><img decoding=\"async\" src=\"https:\/\/www.pre-aux-boeufs.ch\/wp-content\/uploads\/sites\/4\/2023\/04\/G2A8949-1_2000x1330_neu-1024x681.jpg\"\n                    srcset=\"https:\/\/www.pre-aux-boeufs.ch\/wp-content\/uploads\/sites\/4\/2023\/04\/G2A8949-1_2000x1330_neu-300x200.jpg 300w, https:\/\/www.pre-aux-boeufs.ch\/wp-content\/uploads\/sites\/4\/2023\/04\/G2A8949-1_2000x1330_neu-1024x681.jpg 1024w, https:\/\/www.pre-aux-boeufs.ch\/wp-content\/uploads\/sites\/4\/2023\/04\/G2A8949-1_2000x1330_neu-768x511.jpg 768w, https:\/\/www.pre-aux-boeufs.ch\/wp-content\/uploads\/sites\/4\/2023\/04\/G2A8949-1_2000x1330_neu-1536x1021.jpg 1536w, https:\/\/www.pre-aux-boeufs.ch\/wp-content\/uploads\/sites\/4\/2023\/04\/G2A8949-1_2000x1330_neu.jpg 2000w\" ><\/div><\/div>[\/vc_column][\/vc_row][vc_row gap=&#8220;35&#8243;][vc_column width=&#8220;1\/2&#8243;][vc_column_text css=&#8220;&#8220;]Das Hospice Le Pr\u00e9-aux-Boeufs in Sonvilier ist ein Wohn- und Arbeitsort f\u00fcr ca. 100 erwachsene Menschen mit sozialpsychiatrischen Beeintr\u00e4chtigungen und Abh\u00e4ngigkeitsproblemen, die auf herk\u00f6mmliche Integrationsmassnahmen oder Therapien nur noch beschr\u00e4nkt ansprechen.<\/p>\n<p>Das zweisprachige (D\/F) Hospice bietet ein niederschwelliges, nicht-therapieorientiertes Angebot an. Es ist eine offene Institution, die keine Alkoholabstinenz verlangt und seit Jahrzehnten erfolgreich die kontrollierte Alkoholabgabe praktiziert. Zur Institution geh\u00f6rt ein vielf\u00e4ltiges Besch\u00e4ftigungs- und Arbeitsangebot, wobei kein Besch\u00e4ftigungszwang besteht. Ziel ist die Schadensminimierung und ein menschenw\u00fcrdiges Leben trotz Abh\u00e4ngigkeiten. Die Bewohner:innen weisen h\u00e4ufig chronische psychiatrische Mehrfachdiagnosen auf.<\/p>\n<p>&nbsp;<\/p>\n<p>Ab Sommer 2026 bieten wir folgende Lehrstelle an:<\/p>\n<h3><\/h3>\n<h3>Fachfrau:mann Betreuung EFZ (FaBe)<\/h3>\n<p>&nbsp;<\/p>\n<p><strong>Aufgabengebiet<\/strong><\/p>\n<ul>\n<li>Begleitung, Betreuung und Pflege von Menschen mit psychischen Problemen in schwierigen Lebenssituationen<\/li>\n<li>Unterst\u00fctzung der Bewohner:innen in ihren individuellen Zielen f\u00fcr die Zukunft.<\/li>\n<\/ul>\n<p>&nbsp;<\/p>\n<p><strong>Unsere Anforderungen<\/strong><\/p>\n<ul>\n<li>Freude am Umgang mit Menschen mit psychischen Problemen<\/li>\n<li>Gute Umgangsformen<\/li>\n<li>Abgeschlossene obligatorische Schulbildung (Sekundarschul- oder Realschulabschluss mit guten Leistungen)<\/li>\n<li>Gute m\u00fcndliche und schriftliche Ausdruckf\u00e4higkeit in der deutsch- und Franz\u00f6sisch Sprache<\/li>\n<\/ul>\n<p>&nbsp;<\/p>\n<p><strong>Wir bieten<\/strong><\/p>\n<p>Als attraktiver Arbeitgeber bieten wir dir eine spannende und fundierte Ausbildung. Unser Ziel ist es, dich zu einer verantwortungsbewussten und eigenst\u00e4ndigen Fachkraft mit viel Freude und Begeisterung f\u00fcr den Beruf auszubilden.<\/p>\n<p>&nbsp;<\/p>\n<p><strong>Highlights<\/strong><\/p>\n<ul>\n<li>6 Wochen Ferien<\/li>\n<li>Vielf\u00e4ltige, anspruchsvolle und befriedigende Aufgabe<\/li>\n<li>Zeitgem\u00e4sser Lohn und Sozialleistungen<\/li>\n<li>Preiswertes Verpflegungsangebot<\/li>\n<\/ul>\n<p>&nbsp;<\/p>\n<p><strong>M\u00f6chtest du noch mehr wissen?<\/strong><strong><br \/>\n<\/strong>Dann nimm mit uns Kontakt auf. Samir Islamoski, Bereichsleitung Wohnen, erteilt dir gerne weitere Ausk\u00fcnfte, Tel. 032 962 69 43, <a href=\"s.islamoski@pre-aux-boeufs.ch\" target=\"_blank\" rel=\"noopener\">E-Mail<\/a><\/p>\n<p>&nbsp;<\/p>\n<p><strong>Haben wir dein Interesse geweckt?<\/strong><strong><br \/>\n<\/strong>Dann sende deine vollst\u00e4ndigen Bewerbungsunterlagen an:<br \/>\n<a href=\"s.islamoski@pre-aux-boeufs.ch\">Samir Islamoski<\/a><\/p>\n<p><strong>Geforderte Unterlagen:<\/strong><br \/>\nMotivationsschreiben, Lebenslauf, Zeugnisse der letzten zwei Jahre[\/vc_column_text][\/vc_column][vc_column width=&#8220;1\/2&#8243; el_class=&#8220;redColor&#8220;][vc_separator][vc_column_text css=&#8220;.vc_custom_1663681161116{padding-bottom: 20px !important;}&#8220;]<\/p>\n<h3>DAS BRINGST DU MIT<\/h3>\n<p>[\/vc_column_text][vc_column_text][\/vc_column_text][vc_progress_bar values=&#8220;%5B%7B%22label%22%3A%22Interesse%20an%20Menschen%20%22%2C%22value%22%3A%22100%22%7D%2C%7B%22label%22%3A%22Einf%C3%BChlungsverm%C3%B6gen%20%22%2C%22value%22%3A%2290%22%7D%2C%7B%22label%22%3A%22Verantwortungsbewusstsein%22%2C%22value%22%3A%22100%22%7D%2C%7B%22label%22%3A%22Gute%20Beobachtungsgabe%20und%20schnelles%20Reaktionsverm%C3%B6gen%20%22%2C%22value%22%3A%2290%22%7D%5D&#8220; bgcolor=&#8220;custom&#8220; customtxtcolor=&#8220;#ffffff&#8220; custombgcolor=&#8220;#17a05c&#8220; units=&#8220;%&#8220;][vc_separator][vc_video link=&#8220;https:\/\/vimeo.com\/1144920181\/f7a8fcb73f&#8220; css=&#8220;&#8220;][vc_separator][vc_column_text css=&#8220;&#8220;]<\/p>\n<h3>INFORMATIONEN ZUM STELLENANGEBOT<\/h3>\n<p><strong>Datum des Inserats<\/strong><br \/>\n10.02.2026<\/p>\n<p><strong>Arbeitsort<\/strong><br \/>\nSonvilier (BE)<\/p>\n<p><strong>Anstellungsverh\u00e4ltnis<\/strong><br \/>\nBefristete Anstellung f\u00fcr 3 Jahre<\/p>\n<p><strong>Funktion<\/strong><br \/>\nAuszibildende:r<\/p>\n<p><strong>Arbeitspensum<br \/>\n<\/strong>Vollzeit 100%<\/p>\n<p><strong>Stellenantritt per<br \/>\n<\/strong>1. August 2026<strong><br \/>\n<\/strong>[\/vc_column_text][vc_separator]<div class=\"vc-block-button\">\n            <a class=\"linkclass iconclass \" target=\"_self\" href=\"https:\/\/www.pre-aux-boeufs.ch\/de\/stellen\/#arbeiten\">Attraktive Anstellungsbedingungen<\/a><\/div><div class=\"vc-block-button\">\n            <a class=\"linkclass iconclass \" target=\"_blank\" href=\"https:\/\/www.srf.ch\/play\/tv\/dok\/video\/ganz-unten---ein-ort-im-jura-wo-scheitern-erlaubt-ist?urn=urn:srf:video:11226298-58fb-46bb-9d7c-68d20ab73e62\">Dokumentarfilm von SRF<\/a><\/div>[\/vc_column][\/vc_row][vc_row full_width=&#8220;stretch_row_content&#8220;][vc_column][vc_separator][\/vc_column][\/vc_row][vc_row full_width=&#8220;stretch_row_content&#8220;][vc_column width=&#8220;1\/2&#8243;]<div class=\"vcBlockTeam\"><div data-responsive-background-image><img decoding=\"async\" src=\"https:\/\/www.pre-aux-boeufs.ch\/wp-content\/uploads\/sites\/4\/2023\/04\/G2A2701-1_1200x800_neu-1024x683.jpg\"\n                    srcset=\"https:\/\/www.pre-aux-boeufs.ch\/wp-content\/uploads\/sites\/4\/2023\/04\/G2A2701-1_1200x800_neu-300x200.jpg 300w, https:\/\/www.pre-aux-boeufs.ch\/wp-content\/uploads\/sites\/4\/2023\/04\/G2A2701-1_1200x800_neu-1024x683.jpg 1024w, https:\/\/www.pre-aux-boeufs.ch\/wp-content\/uploads\/sites\/4\/2023\/04\/G2A2701-1_1200x800_neu-768x512.jpg 768w, https:\/\/www.pre-aux-boeufs.ch\/wp-content\/uploads\/sites\/4\/2023\/04\/G2A2701-1_1200x800_neu.jpg 1200w\" ><\/div><div class=\"teamname\">Islem Zaibi<\/div><div class=\"content\">Bereichsleitung Wohnen<\/p>\n<p>Telefon 032 962 69 43<br \/>\n<a href=\"mailto:i.zaibi@pre-aux-boeufs.ch\">E-Mail<\/a><\/div><\/div>[\/vc_column][vc_column width=&#8220;1\/2&#8243;]<div class=\"vcBlockTeam\"><div data-responsive-background-image><img decoding=\"async\" src=\"https:\/\/www.pre-aux-boeufs.ch\/wp-content\/uploads\/sites\/4\/2023\/04\/G2A2866-1_1200x800_neu2-1024x683.jpg\"\n                    srcset=\"https:\/\/www.pre-aux-boeufs.ch\/wp-content\/uploads\/sites\/4\/2023\/04\/G2A2866-1_1200x800_neu2-300x200.jpg 300w, https:\/\/www.pre-aux-boeufs.ch\/wp-content\/uploads\/sites\/4\/2023\/04\/G2A2866-1_1200x800_neu2-1024x683.jpg 1024w, https:\/\/www.pre-aux-boeufs.ch\/wp-content\/uploads\/sites\/4\/2023\/04\/G2A2866-1_1200x800_neu2-768x512.jpg 768w, https:\/\/www.pre-aux-boeufs.ch\/wp-content\/uploads\/sites\/4\/2023\/04\/G2A2866-1_1200x800_neu2.jpg 1200w\" ><\/div><div class=\"teamname\">Marisa Da Silva<\/div><div class=\"content\">Heimleiterin<\/p>\n<p>Telefon 032 962 69 09<br \/>\n<a href=\"mailto:m.dasilva@pre-aux-boeufs.ch\">E-Mail<\/a><\/div><\/div>[\/vc_column][\/vc_row][vc_row][vc_column]\n        <div class=\"vcBlock-titel\"><p>Jetzt bewerben!<\/p><h3>Wir freuen uns<br \/>\nauf Dich<\/h3>\n        <\/div>[\/vc_column][\/vc_row][vc_row css=&#8220;.vc_custom_1581673418920{padding-top: 10px !important;padding-bottom: 10px !important;}&#8220;][vc_column width=&#8220;1\/3&#8243;]<div class=\"vc-block-button-icon\">\n            <a class=\"center iconLinkPhone \" target=\"_self\" href=\"tel:0329626900\">032 962 69 00<\/a><\/div>[\/vc_column][vc_column width=&#8220;1\/3&#8243;]<div class=\"vc-block-button-icon\">\n            <a class=\"center iconLinkMail \" target=\"_blank\" href=\"mailto:contact@pre-aux-boeufs.ch\">contact@pre-aux-boeufs.ch<\/a><\/div>[\/vc_column][vc_column width=&#8220;1\/3&#8243;]<div class=\"vc-block-button-icon\">\n            <a class=\"center iconLinkBenefit \" target=\"_self\" href=\"\/stellen#arbeiten\">Benefits<\/a><\/div>[\/vc_column][\/vc_row]<\/p>\n<\/div>","protected":false},"excerpt":{"rendered":"<p>[vc_row full_width=&#8220;stretch_row_content&#8220;][vc_column][\/vc_column][vc_column][\/vc_column][\/vc_row][vc_row el_id=&#8220;arbeiten&#8220;][vc_column][\/vc_column][\/vc_row][vc_row full_width=&#8220;stretch_row_content&#8220;][vc_column][\/vc_column][\/vc_row][vc_row gap=&#8220;35&#8243;][vc_column width=&#8220;1\/2&#8243;][vc_column_text css=&#8220;&#8220;]Das Hospice Le Pr\u00e9-aux-Boeufs in Sonvilier ist ein Wohn- und Arbeitsort f\u00fcr ca. 100 erwachsene Menschen mit sozialpsychiatrischen Beeintr\u00e4chtigungen und Abh\u00e4ngigkeitsproblemen, die auf herk\u00f6mmliche Integrationsmassnahmen oder Therapien nur noch beschr\u00e4nkt ansprechen. Das zweisprachige (D\/F) Hospice bietet ein niederschwelliges, nicht-therapieorientiertes Angebot an. Es ist eine offene Institution, die keine Alkoholabstinenz [&hellip;]<\/p>\n","protected":false},"author":9,"featured_media":0,"parent":23,"menu_order":4,"comment_status":"closed","ping_status":"closed","template":"fullwidth.php","meta":{"footnotes":""},"class_list":["post-27","page","type-page","status-publish","hentry"],"yoast_head":"<!-- This site is optimized with the Yoast SEO plugin v27.4 - https:\/\/yoast.com\/product\/yoast-seo-wordpress\/ -->\n<title>Lehrstelle Fachfrau:mann Betreuung EFZ (FaBe) | Beginn 2026<\/title>\n<meta name=\"description\" content=\"Absolviere deine Ausbildung im Hospice! Wir haben eine freie Lehrstelle als FaBe und freuen uns auf deine Bewerbung.\" \/>\n<meta name=\"robots\" content=\"index, follow, max-snippet:-1, max-image-preview:large, max-video-preview:-1\" \/>\n<link rel=\"canonical\" href=\"https:\/\/www.pre-aux-boeufs.ch\/de\/stellen\/lehre_fabe_de\" \/>\n<meta property=\"og:locale\" content=\"de_DE\" \/>\n<meta property=\"og:type\" content=\"article\" \/>\n<meta property=\"og:title\" content=\"Lehrstelle Fachfrau:mann Betreuung EFZ (FaBe) | Beginn 2026\" \/>\n<meta property=\"og:description\" content=\"Absolviere deine Ausbildung im Hospice! Wir haben eine freie Lehrstelle als FaBe und freuen uns auf deine Bewerbung.\" \/>\n<meta property=\"og:url\" content=\"https:\/\/www.pre-aux-boeufs.ch\/de\/stellen\/lehre_fabe_de\" \/>\n<meta property=\"og:site_name\" content=\"pre-aux-boeufs.ch\" \/>\n<meta property=\"article:modified_time\" content=\"2026-02-23T12:04:55+00:00\" \/>\n<meta property=\"og:image\" content=\"https:\/\/www.pre-aux-boeufs.ch\/wp-content\/uploads\/sites\/4\/2024\/01\/G2A8949-1_social.jpg\" \/>\n\t<meta property=\"og:image:width\" content=\"1200\" \/>\n\t<meta property=\"og:image:height\" content=\"631\" \/>\n\t<meta property=\"og:image:type\" content=\"image\/jpeg\" \/>\n<meta name=\"twitter:card\" content=\"summary_large_image\" \/>\n<meta name=\"twitter:label1\" content=\"Gesch\u00e4tzte Lesezeit\" \/>\n\t<meta name=\"twitter:data1\" content=\"3\u00a0Minuten\" \/>\n<script type=\"application\/ld+json\" class=\"yoast-schema-graph\">{\"@context\":\"https:\\\/\\\/schema.org\",\"@graph\":[{\"@type\":\"WebPage\",\"@id\":\"https:\\\/\\\/www.pre-aux-boeufs.ch\\\/de\\\/stellen\\\/lehre_fabe_de\",\"url\":\"https:\\\/\\\/www.pre-aux-boeufs.ch\\\/de\\\/stellen\\\/lehre_fabe_de\",\"name\":\"Lehrstelle Fachfrau:mann Betreuung EFZ (FaBe) | Beginn 2026\",\"isPartOf\":{\"@id\":\"https:\\\/\\\/www.pre-aux-boeufs.ch\\\/de\\\/#website\"},\"datePublished\":\"2025-07-03T05:00:41+00:00\",\"dateModified\":\"2026-02-23T12:04:55+00:00\",\"description\":\"Absolviere deine Ausbildung im Hospice! Wir haben eine freie Lehrstelle als FaBe und freuen uns auf deine Bewerbung.\",\"breadcrumb\":{\"@id\":\"https:\\\/\\\/www.pre-aux-boeufs.ch\\\/de\\\/stellen\\\/lehre_fabe_de#breadcrumb\"},\"inLanguage\":\"de\",\"potentialAction\":[{\"@type\":\"ReadAction\",\"target\":[\"https:\\\/\\\/www.pre-aux-boeufs.ch\\\/de\\\/stellen\\\/lehre_fabe_de\"]}]},{\"@type\":\"BreadcrumbList\",\"@id\":\"https:\\\/\\\/www.pre-aux-boeufs.ch\\\/de\\\/stellen\\\/lehre_fabe_de#breadcrumb\",\"itemListElement\":[{\"@type\":\"ListItem\",\"position\":1,\"name\":\"Startseite\",\"item\":\"https:\\\/\\\/www.pre-aux-boeufs.ch\\\/de\"},{\"@type\":\"ListItem\",\"position\":2,\"name\":\"Stellen\",\"item\":\"https:\\\/\\\/www.pre-aux-boeufs.ch\\\/de\\\/stellen\"},{\"@type\":\"ListItem\",\"position\":3,\"name\":\"Lehre_FaBe_de\"}]},{\"@type\":\"WebSite\",\"@id\":\"https:\\\/\\\/www.pre-aux-boeufs.ch\\\/de\\\/#website\",\"url\":\"https:\\\/\\\/www.pre-aux-boeufs.ch\\\/de\\\/\",\"name\":\"pre-aux-boeufs.ch\",\"description\":\"\",\"potentialAction\":[{\"@type\":\"SearchAction\",\"target\":{\"@type\":\"EntryPoint\",\"urlTemplate\":\"https:\\\/\\\/www.pre-aux-boeufs.ch\\\/de\\\/?s={search_term_string}\"},\"query-input\":{\"@type\":\"PropertyValueSpecification\",\"valueRequired\":true,\"valueName\":\"search_term_string\"}}],\"inLanguage\":\"de\"}]}<\/script>\n<!-- \/ Yoast SEO plugin. -->","yoast_head_json":{"title":"Lehrstelle Fachfrau:mann Betreuung EFZ (FaBe) | Beginn 2026","description":"Absolviere deine Ausbildung im Hospice! Wir haben eine freie Lehrstelle als FaBe und freuen uns auf deine Bewerbung.","robots":{"index":"index","follow":"follow","max-snippet":"max-snippet:-1","max-image-preview":"max-image-preview:large","max-video-preview":"max-video-preview:-1"},"canonical":"https:\/\/www.pre-aux-boeufs.ch\/de\/stellen\/lehre_fabe_de","og_locale":"de_DE","og_type":"article","og_title":"Lehrstelle Fachfrau:mann Betreuung EFZ (FaBe) | Beginn 2026","og_description":"Absolviere deine Ausbildung im Hospice! Wir haben eine freie Lehrstelle als FaBe und freuen uns auf deine Bewerbung.","og_url":"https:\/\/www.pre-aux-boeufs.ch\/de\/stellen\/lehre_fabe_de","og_site_name":"pre-aux-boeufs.ch","article_modified_time":"2026-02-23T12:04:55+00:00","og_image":[{"width":1200,"height":631,"url":"https:\/\/www.pre-aux-boeufs.ch\/wp-content\/uploads\/sites\/4\/2024\/01\/G2A8949-1_social.jpg","type":"image\/jpeg"}],"twitter_card":"summary_large_image","twitter_misc":{"Gesch\u00e4tzte Lesezeit":"3\u00a0Minuten"},"schema":{"@context":"https:\/\/schema.org","@graph":[{"@type":"WebPage","@id":"https:\/\/www.pre-aux-boeufs.ch\/de\/stellen\/lehre_fabe_de","url":"https:\/\/www.pre-aux-boeufs.ch\/de\/stellen\/lehre_fabe_de","name":"Lehrstelle Fachfrau:mann Betreuung EFZ (FaBe) | Beginn 2026","isPartOf":{"@id":"https:\/\/www.pre-aux-boeufs.ch\/de\/#website"},"datePublished":"2025-07-03T05:00:41+00:00","dateModified":"2026-02-23T12:04:55+00:00","description":"Absolviere deine Ausbildung im Hospice! Wir haben eine freie Lehrstelle als FaBe und freuen uns auf deine Bewerbung.","breadcrumb":{"@id":"https:\/\/www.pre-aux-boeufs.ch\/de\/stellen\/lehre_fabe_de#breadcrumb"},"inLanguage":"de","potentialAction":[{"@type":"ReadAction","target":["https:\/\/www.pre-aux-boeufs.ch\/de\/stellen\/lehre_fabe_de"]}]},{"@type":"BreadcrumbList","@id":"https:\/\/www.pre-aux-boeufs.ch\/de\/stellen\/lehre_fabe_de#breadcrumb","itemListElement":[{"@type":"ListItem","position":1,"name":"Startseite","item":"https:\/\/www.pre-aux-boeufs.ch\/de"},{"@type":"ListItem","position":2,"name":"Stellen","item":"https:\/\/www.pre-aux-boeufs.ch\/de\/stellen"},{"@type":"ListItem","position":3,"name":"Lehre_FaBe_de"}]},{"@type":"WebSite","@id":"https:\/\/www.pre-aux-boeufs.ch\/de\/#website","url":"https:\/\/www.pre-aux-boeufs.ch\/de\/","name":"pre-aux-boeufs.ch","description":"","potentialAction":[{"@type":"SearchAction","target":{"@type":"EntryPoint","urlTemplate":"https:\/\/www.pre-aux-boeufs.ch\/de\/?s={search_term_string}"},"query-input":{"@type":"PropertyValueSpecification","valueRequired":true,"valueName":"search_term_string"}}],"inLanguage":"de"}]}},"_links":{"self":[{"href":"https:\/\/www.pre-aux-boeufs.ch\/de\/wp-json\/wp\/v2\/pages\/27","targetHints":{"allow":["GET"]}}],"collection":[{"href":"https:\/\/www.pre-aux-boeufs.ch\/de\/wp-json\/wp\/v2\/pages"}],"about":[{"href":"https:\/\/www.pre-aux-boeufs.ch\/de\/wp-json\/wp\/v2\/types\/page"}],"author":[{"embeddable":true,"href":"https:\/\/www.pre-aux-boeufs.ch\/de\/wp-json\/wp\/v2\/users\/9"}],"replies":[{"embeddable":true,"href":"https:\/\/www.pre-aux-boeufs.ch\/de\/wp-json\/wp\/v2\/comments?post=27"}],"version-history":[{"count":20,"href":"https:\/\/www.pre-aux-boeufs.ch\/de\/wp-json\/wp\/v2\/pages\/27\/revisions"}],"predecessor-version":[{"id":1890,"href":"https:\/\/www.pre-aux-boeufs.ch\/de\/wp-json\/wp\/v2\/pages\/27\/revisions\/1890"}],"up":[{"embeddable":true,"href":"https:\/\/www.pre-aux-boeufs.ch\/de\/wp-json\/wp\/v2\/pages\/23"}],"wp:attachment":[{"href":"https:\/\/www.pre-aux-boeufs.ch\/de\/wp-json\/wp\/v2\/media?parent=27"}],"curies":[{"name":"wp","href":"https:\/\/api.w.org\/{rel}","templated":true}]}}