{"id":38,"date":"2023-04-13T09:35:06","date_gmt":"2023-04-13T07:35:06","guid":{"rendered":"https:\/\/newpab.seelandheim.ch\/?page_id=38"},"modified":"2024-01-16T08:09:20","modified_gmt":"2024-01-16T07:09:20","slug":"links","status":"publish","type":"page","link":"https:\/\/www.pre-aux-boeufs.ch\/de\/links","title":{"rendered":"Links"},"content":{"rendered":"<div class=\"wpb-content-wrapper\"><p>[vc_row full_width=&#8220;stretch_row_content&#8220;][vc_column][\/vc_column][vc_column][\/vc_column][\/vc_row][vc_row full_width=&#8220;stretch_row_content&#8220;][vc_column][\/vc_column][\/vc_row][vc_row gap=&#8220;35&#8243;][vc_column width=&#8220;1\/2&#8243;][vc_column_text]Mitgliedschaften bei Verb\u00e4nden<\/p>\n<p><strong><a href=\"https:\/\/www.artiset.ch\/\" target=\"_blank\" rel=\"noopener\">ARTISET<\/a><\/strong><\/p>\n<p><strong><a href=\"https:\/\/www.curaviva.ch\/\" target=\"_blank\" rel=\"noopener noreferrer\">CURAVIVA Schweiz<\/a><\/strong><\/p>\n<p><strong><a href=\"https:\/\/www.curaviva-be.ch\/\" target=\"_blank\" rel=\"noopener noreferrer\">CURAVIVA BE<\/a><\/strong><\/p>\n<p>&nbsp;<\/p>\n<p>&nbsp;<\/p>\n<p>Unsere Partner<\/p>\n<p><a href=\"https:\/\/www.seelandheim.ch\/\" target=\"_blank\" rel=\"noopener\"><b>Seelandheim<\/b><\/a><\/p>\n<p><strong><a href=\"http:\/\/www.meinplatz.ch\/\" target=\"_blank\" rel=\"noopener\">Mein Platz<\/a><\/strong><\/p>\n<p><strong><a href=\"http:\/\/www.kesb.dij.be.ch\/\" target=\"_blank\" rel=\"noopener\">Kindes- und Erwachsenenschutzbeh\u00f6rde (KESB)<\/a><\/strong><\/p>\n<p><strong><a href=\"http:\/\/www.privatklinik-meiringen.ch\/\" target=\"_blank\" rel=\"noopener\">Privatklinik Meiringen<\/a><\/strong><\/p>\n<p><strong><a href=\"http:\/\/www.pzmag.ch\/\" target=\"_blank\" rel=\"noopener\">Psychiatriezentrum M\u00fcnsingen<\/a><\/strong><\/p>\n<p><strong><a href=\"http:\/\/www.upd.ch\/\" target=\"_blank\" rel=\"noopener\">Universit\u00e4re Psychiatrische Dienste Bern (UPD)<\/a><\/strong><\/p>\n<p><strong><a href=\"http:\/\/www.lups.ch\/\" target=\"_blank\" rel=\"noopener\">Luzerner Psychiatrie (LUPS)<\/a><\/strong><\/p>\n<p><strong><a href=\"https:\/\/sante-mentale.ch\/?lang=de\" target=\"_blank\" rel=\"noopener\">Sante Mentale<\/a><\/strong><\/p>\n<p><strong><a href=\"https:\/\/www.hjbe.ch\" target=\"_blank\" rel=\"noopener\">H\u00f4pital du Jura bernois<\/a><\/strong><\/p>\n<p><strong><a href=\"http:\/\/www.spitalzentrum-biel.ch\/\" target=\"_blank\" rel=\"noopener\">Spitalzentrum Biel-Bienne<\/a><\/strong><\/p>\n<p><strong><a href=\"http:\/\/www.solothurnerspitaeler.ch\/\" target=\"_blank\" rel=\"noopener\">Solothurner Spit\u00e4ler<\/a><\/strong><\/p>\n<p><strong><a href=\"http:\/\/www.srk-bern.ch\/\" target=\"_blank\" rel=\"noopener\">Schweizerisches Rotes Kreuz<\/a><\/strong><\/p>\n<p><strong><a href=\"https:\/\/www.socialbern.ch\/\" target=\"_blank\" rel=\"noopener\">Socialbern<\/a><\/strong><\/p>\n<p><strong><a href=\"http:\/\/www.sozialinfo.ch\/\" target=\"_blank\" rel=\"noopener\">Sozialinfo<\/a><\/strong><\/p>\n<p><strong><a href=\"https:\/\/www.heiminfo.ch\/\" target=\"_blank\" rel=\"noopener noreferrer\">Heiminfo<\/a><\/strong><\/p>\n<p><strong><a href=\"https:\/\/www.participa.ch\/\" target=\"_blank\" rel=\"noopener noreferrer\">Participa<\/a><\/strong><\/p>\n<p><strong><a href=\"http:\/\/www.gsi.be.ch\/\" target=\"_blank\" rel=\"noopener noreferrer\">Gesundheits-, Sozial- und Integrationsdirektion (GSI)<\/a><\/strong><\/p>\n<p><strong><a href=\"https:\/\/www.bag.admin.ch\/\" target=\"_blank\" rel=\"noopener noreferrer\">Bundesamt f\u00fcr Gesundheit (BAG)<\/a><\/strong><\/p>\n<p><strong><a href=\"https:\/\/www.sbb.ch\/\" target=\"_blank\" rel=\"noopener noreferrer\">SBB<\/a><\/strong><\/p>\n<p><strong><a href=\"https:\/\/www.jobcoachplacement.ch\/\" target=\"_blank\" rel=\"noopener noreferrer\">Job Coach Placement<\/a><\/strong><\/p>\n<p><strong><a href=\"http:\/\/www.leuzingerpartner.ch\/\" target=\"_blank\" rel=\"noopener noreferrer\">Leuzinger + Partner, Werbeagentur<\/a><\/strong><\/p>\n<p><strong><a href=\"https:\/\/www.creativeagent.ch\/\" target=\"_blank\" rel=\"noopener noreferrer\">creativeagent<\/a><\/strong><\/p>\n<p><strong><a href=\"https:\/\/www.grafodruck.ch\/\" target=\"_blank\" rel=\"noopener noreferrer\">Grafodruck<\/a><\/strong>[\/vc_column_text][\/vc_column][vc_column width=&#8220;1\/2&#8243;][vc_column_text]Gemeinden\/Stadt<\/p>\n<p><strong><a href=\"https:\/\/www.biel-bienne.ch\/\" target=\"_blank\" rel=\"noopener noreferrer\">Stadt Biel<\/a><\/strong><\/p>\n<p>[\/vc_column_text][\/vc_column][\/vc_row]<\/p>\n<\/div>","protected":false},"excerpt":{"rendered":"<p>[vc_row full_width=&#8220;stretch_row_content&#8220;][vc_column][\/vc_column][vc_column][\/vc_column][\/vc_row][vc_row full_width=&#8220;stretch_row_content&#8220;][vc_column][\/vc_column][\/vc_row][vc_row gap=&#8220;35&#8243;][vc_column width=&#8220;1\/2&#8243;][vc_column_text]Mitgliedschaften bei Verb\u00e4nden ARTISET CURAVIVA Schweiz CURAVIVA BE &nbsp; &nbsp; Unsere Partner Seelandheim Mein Platz Kindes- und Erwachsenenschutzbeh\u00f6rde (KESB) Privatklinik Meiringen Psychiatriezentrum M\u00fcnsingen Universit\u00e4re Psychiatrische Dienste Bern (UPD) Luzerner Psychiatrie (LUPS) Sante Mentale H\u00f4pital du Jura bernois Spitalzentrum Biel-Bienne Solothurner Spit\u00e4ler Schweizerisches Rotes Kreuz Socialbern Sozialinfo Heiminfo Participa Gesundheits-, Sozial- und [&hellip;]<\/p>\n","protected":false},"author":9,"featured_media":0,"parent":0,"menu_order":6,"comment_status":"closed","ping_status":"closed","template":"fullwidth.php","meta":{"footnotes":""},"class_list":["post-38","page","type-page","status-publish","hentry"],"yoast_head":"<!-- This site is optimized with the Yoast SEO plugin v27.4 - https:\/\/yoast.com\/product\/yoast-seo-wordpress\/ -->\n<title>Links - pre-aux-boeufs.ch<\/title>\n<meta name=\"robots\" content=\"index, follow, max-snippet:-1, max-image-preview:large, max-video-preview:-1\" \/>\n<link rel=\"canonical\" href=\"https:\/\/www.pre-aux-boeufs.ch\/de\/links\" \/>\n<meta property=\"og:locale\" content=\"de_DE\" \/>\n<meta property=\"og:type\" content=\"article\" \/>\n<meta property=\"og:title\" content=\"Links - pre-aux-boeufs.ch\" \/>\n<meta property=\"og:description\" content=\"[vc_row full_width=&#8220;stretch_row_content&#8220;][vc_column][\/vc_column][vc_column][\/vc_column][\/vc_row][vc_row full_width=&#8220;stretch_row_content&#8220;][vc_column][\/vc_column][\/vc_row][vc_row gap=&#8220;35&#8243;][vc_column width=&#8220;1\/2&#8243;][vc_column_text]Mitgliedschaften bei Verb\u00e4nden ARTISET CURAVIVA Schweiz CURAVIVA BE &nbsp; &nbsp; Unsere Partner Seelandheim Mein Platz Kindes- und Erwachsenenschutzbeh\u00f6rde (KESB) Privatklinik Meiringen Psychiatriezentrum M\u00fcnsingen Universit\u00e4re Psychiatrische Dienste Bern (UPD) Luzerner Psychiatrie (LUPS) Sante Mentale H\u00f4pital du Jura bernois Spitalzentrum Biel-Bienne Solothurner Spit\u00e4ler Schweizerisches Rotes Kreuz Socialbern Sozialinfo Heiminfo Participa Gesundheits-, Sozial- und [&hellip;]\" \/>\n<meta property=\"og:url\" content=\"https:\/\/www.pre-aux-boeufs.ch\/de\/links\" \/>\n<meta property=\"og:site_name\" content=\"pre-aux-boeufs.ch\" \/>\n<meta property=\"article:modified_time\" content=\"2024-01-16T07:09:20+00:00\" \/>\n<meta name=\"twitter:card\" content=\"summary_large_image\" \/>\n<script type=\"application\/ld+json\" class=\"yoast-schema-graph\">{\"@context\":\"https:\\\/\\\/schema.org\",\"@graph\":[{\"@type\":\"WebPage\",\"@id\":\"https:\\\/\\\/www.pre-aux-boeufs.ch\\\/de\\\/links\",\"url\":\"https:\\\/\\\/www.pre-aux-boeufs.ch\\\/de\\\/links\",\"name\":\"Links - pre-aux-boeufs.ch\",\"isPartOf\":{\"@id\":\"https:\\\/\\\/www.pre-aux-boeufs.ch\\\/de\\\/#website\"},\"datePublished\":\"2023-04-13T07:35:06+00:00\",\"dateModified\":\"2024-01-16T07:09:20+00:00\",\"breadcrumb\":{\"@id\":\"https:\\\/\\\/www.pre-aux-boeufs.ch\\\/de\\\/links#breadcrumb\"},\"inLanguage\":\"de\",\"potentialAction\":[{\"@type\":\"ReadAction\",\"target\":[\"https:\\\/\\\/www.pre-aux-boeufs.ch\\\/de\\\/links\"]}]},{\"@type\":\"BreadcrumbList\",\"@id\":\"https:\\\/\\\/www.pre-aux-boeufs.ch\\\/de\\\/links#breadcrumb\",\"itemListElement\":[{\"@type\":\"ListItem\",\"position\":1,\"name\":\"Startseite\",\"item\":\"https:\\\/\\\/www.pre-aux-boeufs.ch\\\/de\"},{\"@type\":\"ListItem\",\"position\":2,\"name\":\"Links\"}]},{\"@type\":\"WebSite\",\"@id\":\"https:\\\/\\\/www.pre-aux-boeufs.ch\\\/de\\\/#website\",\"url\":\"https:\\\/\\\/www.pre-aux-boeufs.ch\\\/de\\\/\",\"name\":\"pre-aux-boeufs.ch\",\"description\":\"\",\"potentialAction\":[{\"@type\":\"SearchAction\",\"target\":{\"@type\":\"EntryPoint\",\"urlTemplate\":\"https:\\\/\\\/www.pre-aux-boeufs.ch\\\/de\\\/?s={search_term_string}\"},\"query-input\":{\"@type\":\"PropertyValueSpecification\",\"valueRequired\":true,\"valueName\":\"search_term_string\"}}],\"inLanguage\":\"de\"}]}<\/script>\n<!-- \/ Yoast SEO plugin. -->","yoast_head_json":{"title":"Links - pre-aux-boeufs.ch","robots":{"index":"index","follow":"follow","max-snippet":"max-snippet:-1","max-image-preview":"max-image-preview:large","max-video-preview":"max-video-preview:-1"},"canonical":"https:\/\/www.pre-aux-boeufs.ch\/de\/links","og_locale":"de_DE","og_type":"article","og_title":"Links - pre-aux-boeufs.ch","og_description":"[vc_row full_width=&#8220;stretch_row_content&#8220;][vc_column][\/vc_column][vc_column][\/vc_column][\/vc_row][vc_row full_width=&#8220;stretch_row_content&#8220;][vc_column][\/vc_column][\/vc_row][vc_row gap=&#8220;35&#8243;][vc_column width=&#8220;1\/2&#8243;][vc_column_text]Mitgliedschaften bei Verb\u00e4nden ARTISET CURAVIVA Schweiz CURAVIVA BE &nbsp; &nbsp; Unsere Partner Seelandheim Mein Platz Kindes- und Erwachsenenschutzbeh\u00f6rde (KESB) Privatklinik Meiringen Psychiatriezentrum M\u00fcnsingen Universit\u00e4re Psychiatrische Dienste Bern (UPD) Luzerner Psychiatrie (LUPS) Sante Mentale H\u00f4pital du Jura bernois Spitalzentrum Biel-Bienne Solothurner Spit\u00e4ler Schweizerisches Rotes Kreuz Socialbern Sozialinfo Heiminfo Participa Gesundheits-, Sozial- und [&hellip;]","og_url":"https:\/\/www.pre-aux-boeufs.ch\/de\/links","og_site_name":"pre-aux-boeufs.ch","article_modified_time":"2024-01-16T07:09:20+00:00","twitter_card":"summary_large_image","schema":{"@context":"https:\/\/schema.org","@graph":[{"@type":"WebPage","@id":"https:\/\/www.pre-aux-boeufs.ch\/de\/links","url":"https:\/\/www.pre-aux-boeufs.ch\/de\/links","name":"Links - pre-aux-boeufs.ch","isPartOf":{"@id":"https:\/\/www.pre-aux-boeufs.ch\/de\/#website"},"datePublished":"2023-04-13T07:35:06+00:00","dateModified":"2024-01-16T07:09:20+00:00","breadcrumb":{"@id":"https:\/\/www.pre-aux-boeufs.ch\/de\/links#breadcrumb"},"inLanguage":"de","potentialAction":[{"@type":"ReadAction","target":["https:\/\/www.pre-aux-boeufs.ch\/de\/links"]}]},{"@type":"BreadcrumbList","@id":"https:\/\/www.pre-aux-boeufs.ch\/de\/links#breadcrumb","itemListElement":[{"@type":"ListItem","position":1,"name":"Startseite","item":"https:\/\/www.pre-aux-boeufs.ch\/de"},{"@type":"ListItem","position":2,"name":"Links"}]},{"@type":"WebSite","@id":"https:\/\/www.pre-aux-boeufs.ch\/de\/#website","url":"https:\/\/www.pre-aux-boeufs.ch\/de\/","name":"pre-aux-boeufs.ch","description":"","potentialAction":[{"@type":"SearchAction","target":{"@type":"EntryPoint","urlTemplate":"https:\/\/www.pre-aux-boeufs.ch\/de\/?s={search_term_string}"},"query-input":{"@type":"PropertyValueSpecification","valueRequired":true,"valueName":"search_term_string"}}],"inLanguage":"de"}]}},"_links":{"self":[{"href":"https:\/\/www.pre-aux-boeufs.ch\/de\/wp-json\/wp\/v2\/pages\/38","targetHints":{"allow":["GET"]}}],"collection":[{"href":"https:\/\/www.pre-aux-boeufs.ch\/de\/wp-json\/wp\/v2\/pages"}],"about":[{"href":"https:\/\/www.pre-aux-boeufs.ch\/de\/wp-json\/wp\/v2\/types\/page"}],"author":[{"embeddable":true,"href":"https:\/\/www.pre-aux-boeufs.ch\/de\/wp-json\/wp\/v2\/users\/9"}],"replies":[{"embeddable":true,"href":"https:\/\/www.pre-aux-boeufs.ch\/de\/wp-json\/wp\/v2\/comments?post=38"}],"version-history":[{"count":1,"href":"https:\/\/www.pre-aux-boeufs.ch\/de\/wp-json\/wp\/v2\/pages\/38\/revisions"}],"predecessor-version":[{"id":39,"href":"https:\/\/www.pre-aux-boeufs.ch\/de\/wp-json\/wp\/v2\/pages\/38\/revisions\/39"}],"wp:attachment":[{"href":"https:\/\/www.pre-aux-boeufs.ch\/de\/wp-json\/wp\/v2\/media?parent=38"}],"curies":[{"name":"wp","href":"https:\/\/api.w.org\/{rel}","templated":true}]}}