{"id":40,"date":"2023-04-13T09:35:25","date_gmt":"2023-04-13T07:35:25","guid":{"rendered":"https:\/\/newpab.seelandheim.ch\/?page_id=40"},"modified":"2026-03-26T10:36:57","modified_gmt":"2026-03-26T09:36:57","slug":"kontakt","status":"publish","type":"page","link":"https:\/\/www.pre-aux-boeufs.ch\/de\/kontakt","title":{"rendered":"Kontakt"},"content":{"rendered":"<div class=\"wpb-content-wrapper\"><p>[vc_row][vc_column el_class=&#8220;redColorLead&#8220;][vc_column_text]<\/p>\n<p style=\"text-align: center;\">Unser Heim im Berner Jura ist ein Wohn- und Besch\u00e4ftigungsort f\u00fcr Menschen mit einer Abh\u00e4ngigkeitserkrankung, einer psychischen Erkrankung oder sozialen Problemen. Das Heim bietet die M\u00f6glichkeit f\u00fcr station\u00e4re Aufenthalte und eine Besch\u00e4ftigung in einem gesch\u00fctzten Rahmen.<\/p>\n<p>[\/vc_column_text][\/vc_column][\/vc_row][vc_row gap=&#8220;35&#8243; el_id=&#8220;adresse&#8220; el_class=&#8220;RedColor&#8220;][vc_column width=&#8220;1\/2&#8243;][vc_column_text]<strong>Hospice Le Pr\u00e9-aux-Boeufs<br \/>\nLe Pr\u00e9-aux-Boeufs 222<br \/>\n2615 Sonvilier<br \/>\nTel. +41 32 962 69 00<br \/>\n<a class=\"_ps2id\" href=\"mailto:contact@pre-aux-boeufs.ch\" data-ps2id-offset=\"\">contact@pre-aux-boeufs.ch<\/a><\/strong>[\/vc_column_text]<div class=\"vc-block-button\">\n            <a class=\"linkclass iconclass \" target=\"_blank\" href=\"https:\/\/www.google.ch\/maps\/place\/Hospice+Le+Pr%C3%A9-aux-Boeufs\/@47.1282484,6.9404876,15z\/data=!4m5!3m4!1s0x0:0x661e2d7a58b18d8!8m2!3d47.1282442!4d6.9404911\">Google Maps<\/a><\/div>[\/vc_column][vc_column width=&#8220;1\/2&#8243; el_class=&#8220;RedColor&#8220;][vc_column_text]<strong>Besuchszeiten<\/strong><br \/>\nBesucher sind 365 Tage im Jahr herzlich willkommen.<\/p>\n<p><strong>Empfang<\/strong><br \/>\nMontag bis Donnerstag: 07.30\u201312.00 und 13.30\u201317.30 Uhr<br \/>\nFreitag: 07.30\u201312.00 und 13.30\u201317.00 Uhr<\/p>\n<p><strong>Restaurant<\/strong><br \/>\nMontag bis Samstag: 13.00 bis 17.30 Uhr<br \/>\nSonntag: 14.00 bis 17.30 Uhr[\/vc_column_text][\/vc_column][\/vc_row][vc_row full_width=&#8220;stretch_row_content&#8220; el_id=&#8220;anmeldung&#8220;][vc_column][vc_separator][\/vc_column][\/vc_row][vc_row full_width=&#8220;stretch_row_content&#8220;][vc_column]\n        <div class=\"vcBlock-titel\"><p>WIR FREUEN UNS AUF SIE<\/p><h2>Anmeldung<\/h2>\n        <\/div>[\/vc_column][\/vc_row][vc_row full_width=&#8220;stretch_row_content&#8220;][vc_column]<div class=\"vc-block-img\"><div data-responsive-background-image><img decoding=\"async\" src=\"https:\/\/www.pre-aux-boeufs.ch\/wp-content\/uploads\/sites\/4\/2023\/04\/G2A3375-1_2000x900__neuxx-1024x461.jpg\"\n                    srcset=\"https:\/\/www.pre-aux-boeufs.ch\/wp-content\/uploads\/sites\/4\/2023\/04\/G2A3375-1_2000x900__neuxx-300x135.jpg 300w, https:\/\/www.pre-aux-boeufs.ch\/wp-content\/uploads\/sites\/4\/2023\/04\/G2A3375-1_2000x900__neuxx-1024x461.jpg 1024w, https:\/\/www.pre-aux-boeufs.ch\/wp-content\/uploads\/sites\/4\/2023\/04\/G2A3375-1_2000x900__neuxx-768x346.jpg 768w, https:\/\/www.pre-aux-boeufs.ch\/wp-content\/uploads\/sites\/4\/2023\/04\/G2A3375-1_2000x900__neuxx-1536x691.jpg 1536w, https:\/\/www.pre-aux-boeufs.ch\/wp-content\/uploads\/sites\/4\/2023\/04\/G2A3375-1_2000x900__neuxx-2048x922.jpg 2048w\" ><\/div><\/div>[\/vc_column][\/vc_row][vc_row gap=&#8220;35&#8243;][vc_column width=&#8220;1\/2&#8243;][vc_column_text]<strong>Wir freuen uns, dass Sie sich fu\u0308r einen station\u00e4ren Aufenthalt im Heim Hospice Le Pr\u00e9-aux-Boeufs entschieden haben. Die wichtigsten Informationen zum Ablauf des Eintritts entnehmen Sie hier:<\/strong><\/p>\n<p>&nbsp;<\/p>\n<p><strong>Besichtigung und Vorstellungsgespr\u00e4ch<br \/>\n<\/strong>Um die Entscheidung u\u0308ber einen Eintritt zu erleichtern, empfehlen wir der interessierten Person eine Besichtigung unseres Heims vor Ort. Bei einem freiwilligen Eintritt findet ein Vorstellungsgespr\u00e4ch mit der Heimleitung statt.<\/p>\n<p><strong>Aufnahmegesuch und Arztbericht<\/strong><br \/>\nFu\u0308r eine Anmeldung im Hospice ben\u00f6tigen wir das ausgefu\u0308llte Aufnahmegesuch mit den aufgefu\u0308hrten Dokumentkopien sowie das Arztzeugnis. Sobald die vollst\u00e4ndige Anmeldung bei uns eingetroffen ist, k\u00f6nnen wir die Aufnahme pru\u0308fen und nehmen so rasch wie m\u00f6glich mit Ihnen Kontakt auf.<\/p>\n<p><strong>Finanzierung<br \/>\n<\/strong>Der Tarif fu\u0308r den Heimaufenthalt richtet sich nach dem Betreuungs- und Pflegeaufwand. Er wird nach dem Einstufungssystem ROES (Ressourcenorientiertes Einsch\u00e4tzungssystem fu\u0308r die Betreuungs- und Pflegebedu\u0308rftigkeit von erwachsenen Behinderten im Wohnbereich) bemessen.[\/vc_column_text][\/vc_column][vc_column width=&#8220;1\/2&#8243; el_class=&#8220;redColor&#8220;][vc_separator][vc_column_text css=&#8220;&#8220;]<\/p>\n<h3>KONTAKT AUFNAHME &amp; BESICHTIGUNG<\/h3>\n<p><strong style=\"display: block; margin-top: 2px;\"><br \/>\nFrau Olivia Ferkovic, Sozialdienst<br \/>\n<strong>Tel. 032 962 69 41<br \/>\n<strong><a class=\"_ps2id\" href=\"mailto:o.ferkovic@pre-aux-boeufs.ch\" target=\"_blank\" rel=\"noopener\" data-ps2id-offset=\"\">E-Mail<\/a><\/strong><\/strong><\/strong>[\/vc_column_text][vc_separator]<div class=\"vc-block-button\">\n            <a class=\"linkclass iconclass \" target=\"_blank\" href=\"https:\/\/www.pre-aux-boeufs.ch\/wp-content\/uploads\/sites\/4\/2023\/11\/Aufnahmegesuch_Formular.docx\">Aufnahmegesuch<\/a><\/div><div class=\"vc-block-button\">\n            <a class=\"linkclass iconclass \" target=\"_blank\" href=\"https:\/\/www.pre-aux-boeufs.ch\/wp-content\/uploads\/sites\/4\/2023\/11\/Arztbericht_Formular.docx\">Arztbericht<\/a><\/div><div class=\"vc-block-button\">\n            <a class=\"linkclass iconclass \" target=\"_blank\" href=\"https:\/\/www.pre-aux-boeufs.ch\/wp-content\/uploads\/sites\/4\/2023\/04\/Hausordnung_web-1.doc\">Hausordnung<\/a><\/div>[\/vc_column][\/vc_row][vc_row full_width=&#8220;stretch_row_content&#8220;][vc_column][vc_separator][\/vc_column][\/vc_row][vc_row full_width=&#8220;stretch_row_content&#8220; el_id=&#8220;spenden&#8220;][vc_column]\n        <div class=\"vcBlock-titel\"><p>DANKESCH\u00d6N<\/p><h2>Spenden<\/h2>\n        <\/div>[\/vc_column][\/vc_row][vc_row gap=&#8220;35&#8243;][vc_column width=&#8220;1\/2&#8243;][vc_column_text]<strong>Unsere Bewohnerinnen und Bewohner freuen sich u\u0308ber Ihre Spende, <\/strong><strong>die ihnen direkt zufliesst. Mit Ihren Spenden k\u00f6nnen Aktivit\u00e4ten <\/strong><strong>realisiert werden, die ausserhalb unserer finanziellen M\u00f6glichkeiten <\/strong><strong>liegen, wie zum Beispiel:<\/strong><\/p>\n<p>&nbsp;<\/p>\n<ul>\n<li>Zus\u00e4tzliche Freizeit- und Unterhaltungsangebote<\/li>\n<li>Ferien fu\u0308r die Bewohnerinnen und Bewohner<\/li>\n<\/ul>\n<p>[\/vc_column_text][vc_column_text]<strong>Herzlichen Dank fu\u0308r Ihre Unterstu\u0308tzung!<\/strong>[\/vc_column_text][\/vc_column][vc_column width=&#8220;1\/2&#8243; el_class=&#8220;redColor&#8220;][vc_separator][vc_column_text css=&#8220;&#8220;]<\/p>\n<h3>SPENDENKONTO<\/h3>\n<p><strong style=\"display: block; margin-top: 2px;\"><br \/>\nCH51 0900 0000 2300 3152 7<br \/>\nHospice Le Pr\u00e9-aux-Boeufs<br \/>\n2615 Sonvilier<\/strong>[\/vc_column_text][vc_separator]<div class=\"vc-block-button\">\n            <a class=\"linkclass iconclass \" target=\"_blank\" href=\"https:\/\/www.pre-aux-boeufs.ch\/wp-content\/uploads\/sites\/4\/2025\/12\/QR_Rechnung_Hospice.pdf\">QR-Einzahlungsschein<\/a><\/div>[\/vc_column][\/vc_row][vc_row full_width=&#8220;stretch_row_content&#8220;][vc_column][vc_separator][\/vc_column][\/vc_row][vc_row full_width=&#8220;stretch_row_content&#8220; el_id=&#8220;rueckmeldung&#8220;][vc_column]\n        <div class=\"vcBlock-titel\"><p>WIR H\u00d6REN ZU<\/p><h2>Ihre R\u00fcckmeldung<\/h2>\n        <\/div>[\/vc_column][\/vc_row][vc_row gap=&#8220;35&#8243;][vc_column width=&#8220;1\/2&#8243;][vc_column_text css=&#8220;&#8220;]<strong>Ihre Meinung z\u00e4hlt. Sie hilft uns, die Angebote und die Qualit\u00e4t weiterzuentwickeln und auf die Bed\u00fcrfnisse der Menschen im Hospice einzugehen.<\/strong><\/p>\n<p>&nbsp;<\/p>\n<p>Ob Lob, Anregung oder Kritik \u2013 wir nehmen Ihre R\u00fcckmeldungen ernst. Wir m\u00f6chten ein Umfeld schaffen, in dem sich Bewohnerinnen und Bewohner, Angeh\u00f6rige, G\u00e4ste sowie Mitarbeitende gleichermassen wohl und verstanden f\u00fchlen. Ihre R\u00fcckmeldung ist ein wichtiger Beitrag dazu.<\/p>\n<p>Die Eingabe kann auch anonym erfolgen. Gleichzeitig sch\u00e4tzen wir den pers\u00f6nlichen Austausch, da er den Dialog und gemeinsame L\u00f6sungen erm\u00f6glicht.[\/vc_column_text][\/vc_column][vc_column width=&#8220;1\/2&#8243; el_class=&#8220;redColor&#8220;][vc_separator][vc_column_text css=&#8220;&#8220;]<\/p>\n<h3>IHRE R\u00dcCKMELDUNG KANN SEIN<\/h3>\n<ul>\n<li><strong>Lob teilen<br \/>\n<\/strong><\/li>\n<li><strong>Anregung einbringen<br \/>\n<\/strong><\/li>\n<li><strong>Kritik offen \u00e4ussern<\/strong><\/li>\n<\/ul>\n<p>[\/vc_column_text][vc_separator]<div class=\"vc-block-button\">\n            <a class=\"linkclass iconclass \" target=\"_blank\" href=\"https:\/\/www.pre-aux-boeufs.ch\/de\/rueckmeldung\">R\u00fcckmeldung abgeben<\/a><\/div>[\/vc_column][\/vc_row][vc_row full_width=&#8220;stretch_row_content&#8220;][vc_column][\/vc_column][\/vc_row][vc_row full_width=&#8220;stretch_row_content&#8220;][vc_column]\n        <div class=\"vcBlock-Teaser-Bild  bgcolorGreen\" >\n            <div class=\"divImage\" style=\"background-image:url(https:\/\/www.pre-aux-boeufs.ch\/wp-content\/uploads\/sites\/4\/2023\/04\/G2A2622-1_1000x1000_neu.jpg)\">\n\n            <\/div>\n            <div class=\"divContent\" style=\"\">\n                <h3 style=\"\" class=\"vc_custom_heading\">NATHALIE SCHAAD, ADMINISTRATION<\/h3>\n                <div class=\"wpb_text_column wpb_content_element \">\n                    <div class=\"wpb_wrapper\">\u00abIm Hospice ist kein Tag wie der andere \u2013 Routine gibt\u2019s hier keine.\u00bb<\/div>\n                <\/div><\/div>\n            <i class=\"demo-icon icon-up-open\"> <\/i>\n        <\/div>[\/vc_column][\/vc_row][vc_row full_width=&#8220;stretch_row_content&#8220;][vc_column][\/vc_column][\/vc_row][vc_row][vc_column]\n        <div class=\"vcBlock-titel\"><p>Andere Themen<\/p><h3>Das k\u00f6nnte Sie auch<br \/>\ninteressieren<\/h3>\n        <\/div>[\/vc_column][\/vc_row][vc_row full_width=&#8220;stretch_row_content&#8220;][vc_column width=&#8220;1\/2&#8243;]\n        <div class=\"vcBlock-Hover\" style=\"background: url(https:\/\/www.pre-aux-boeufs.ch\/wp-content\/uploads\/sites\/4\/2023\/04\/G2A2537-1_1200x800-1-1024x683-1.jpg)\"><a class=\"aMakeClickable\" href=\"https:\/\/www.pre-aux-boeufs.ch\/angebot\/#zielgruppe\">\n            <div class=\"divBackground\"><\/div>\n\t\t\t<div class=\"divImage\">\n                <h3 style=\"\" class=\"vc_custom_heading\">Zielgruppe<\/h3>\n            <\/div>\n            <div class=\"divOverlay\" style=\"\">\n                \n                <div class=\"wpb_text_column wpb_content_element \">\n                    <div class=\"wpb_wrapper\"><\/p>\n<p style=\"text-align: center;\">Abh\u00e4ngigkeitserkrankungen<br \/>\nPsychische Erkrankungen<br \/>\nSoziale Probleme<br \/>\nF\u00fcrsorgerische Unterbringung (FU)<\/p>\n<p><\/div>\n                <\/div>\n            <\/div>\n            <i class=\"demo-icon icon-up-open\"> <\/i>\n        <\/div><\/a>[\/vc_column][vc_column width=&#8220;1\/2&#8243;]\n        <div class=\"vcBlock-Hover\" style=\"background: url(https:\/\/www.pre-aux-boeufs.ch\/wp-content\/uploads\/sites\/4\/2023\/04\/IMG_2076-1_1200x800__-1024x683.jpg)\"><a class=\"aMakeClickable\" href=\"https:\/\/www.pre-aux-boeufs.ch\/angebot\/#alkoholabgabe\">\n            <div class=\"divBackground\"><\/div>\n\t\t\t<div class=\"divImage\">\n                <h3 style=\"\" class=\"vc_custom_heading\">Kontrollierte Alkoholabgabe<\/h3>\n            <\/div>\n            <div class=\"divOverlay\" style=\"\">\n                \n                <div class=\"wpb_text_column wpb_content_element \">\n                    <div class=\"wpb_wrapper\"><\/p>\n<p style=\"text-align: center;\">Leben ohne Abstinenz<\/p>\n<p><\/div>\n                <\/div>\n            <\/div>\n            <i class=\"demo-icon icon-up-open\"> <\/i>\n        <\/div><\/a>[\/vc_column][\/vc_row][vc_row][vc_column]\n        <div class=\"vcBlock-titel\"><p>Noch Fragen?<\/p><h3>Wir freuen uns<br \/>\nauf Sie<\/h3>\n        <\/div>[\/vc_column][\/vc_row][vc_row][vc_column width=&#8220;1\/3&#8243;]<div class=\"vc-block-button-icon\">\n            <a class=\"center iconLinkPhone \" target=\"_self\" href=\"tel:0329626900\">032 962 69 00<\/a><\/div>[\/vc_column][vc_column width=&#8220;1\/3&#8243;]<div class=\"vc-block-button-icon\">\n            <a class=\"center iconLinkMail \" target=\"_blank\" href=\"mailto:contact@pre-aux-boeufs.ch\">contact@pre-aux-boeufs.ch<\/a><\/div>[\/vc_column][vc_column width=&#8220;1\/3&#8243;]<div class=\"vc-block-button-icon\">\n            <a class=\"center iconLinkAnmeldung \" target=\"_self\" href=\"https:\/\/www.pre-aux-boeufs.ch\/de\/kontakt\/#anmeldung\">Anmeldung<\/a><\/div>[\/vc_column][\/vc_row]<\/p>\n<\/div>","protected":false},"excerpt":{"rendered":"<p>[vc_row][vc_column el_class=&#8220;redColorLead&#8220;][vc_column_text] Unser Heim im Berner Jura ist ein Wohn- und Besch\u00e4ftigungsort f\u00fcr Menschen mit einer Abh\u00e4ngigkeitserkrankung, einer psychischen Erkrankung oder sozialen Problemen. Das Heim bietet die M\u00f6glichkeit f\u00fcr station\u00e4re Aufenthalte und eine Besch\u00e4ftigung in einem gesch\u00fctzten Rahmen. [\/vc_column_text][\/vc_column][\/vc_row][vc_row gap=&#8220;35&#8243; el_id=&#8220;adresse&#8220; el_class=&#8220;RedColor&#8220;][vc_column width=&#8220;1\/2&#8243;][vc_column_text]Hospice Le Pr\u00e9-aux-Boeufs Le Pr\u00e9-aux-Boeufs 222 2615 Sonvilier Tel. +41 32 962 69 [&hellip;]<\/p>\n","protected":false},"author":9,"featured_media":301,"parent":0,"menu_order":1,"comment_status":"closed","ping_status":"closed","template":"fullwidth.php","meta":{"footnotes":""},"class_list":["post-40","page","type-page","status-publish","has-post-thumbnail","hentry"],"yoast_head":"<!-- This site is optimized with the Yoast SEO plugin v27.4 - https:\/\/yoast.com\/product\/yoast-seo-wordpress\/ -->\n<title>Heim fu\u0308r station\u00e4ren Aufenthalt bei psychischen und sozialen Problemen<\/title>\n<meta name=\"description\" content=\"Das Hospice le Pr\u00e9-aux-Boeufs ist ein Heim fu\u0308r station\u00e4ren Aufenthalt, Wohnenund Besch\u00e4ftigung fu\u0308r Menschen mit psychischen und sozialen Problemen undAbh\u00e4ngigkeitserkrankungen. Jetzt anmelden!\" \/>\n<meta name=\"robots\" content=\"index, follow, max-snippet:-1, max-image-preview:large, max-video-preview:-1\" \/>\n<link rel=\"canonical\" href=\"https:\/\/www.pre-aux-boeufs.ch\/de\/kontakt\" \/>\n<meta property=\"og:locale\" content=\"de_DE\" \/>\n<meta property=\"og:type\" content=\"article\" \/>\n<meta property=\"og:title\" content=\"Heim fu\u0308r station\u00e4ren Aufenthalt bei psychischen und sozialen Problemen\" \/>\n<meta property=\"og:description\" content=\"Das Hospice le Pr\u00e9-aux-Boeufs ist ein Heim fu\u0308r station\u00e4ren Aufenthalt, Wohnenund Besch\u00e4ftigung fu\u0308r Menschen mit psychischen und sozialen Problemen undAbh\u00e4ngigkeitserkrankungen. Jetzt anmelden!\" \/>\n<meta property=\"og:url\" content=\"https:\/\/www.pre-aux-boeufs.ch\/de\/kontakt\" \/>\n<meta property=\"og:site_name\" content=\"pre-aux-boeufs.ch\" \/>\n<meta property=\"article:modified_time\" content=\"2026-03-26T09:36:57+00:00\" \/>\n<meta property=\"og:image\" content=\"https:\/\/www.pre-aux-boeufs.ch\/wp-content\/uploads\/sites\/4\/2023\/04\/IMG_1591-1_2000x1330_neu2_mittig_.jpg\" \/>\n\t<meta property=\"og:image:width\" content=\"2500\" \/>\n\t<meta property=\"og:image:height\" content=\"1663\" \/>\n\t<meta property=\"og:image:type\" content=\"image\/jpeg\" \/>\n<meta name=\"twitter:card\" content=\"summary_large_image\" \/>\n<meta name=\"twitter:label1\" content=\"Gesch\u00e4tzte Lesezeit\" \/>\n\t<meta name=\"twitter:data1\" content=\"4\u00a0Minuten\" \/>\n<script type=\"application\/ld+json\" class=\"yoast-schema-graph\">{\"@context\":\"https:\\\/\\\/schema.org\",\"@graph\":[{\"@type\":\"WebPage\",\"@id\":\"https:\\\/\\\/www.pre-aux-boeufs.ch\\\/de\\\/kontakt\",\"url\":\"https:\\\/\\\/www.pre-aux-boeufs.ch\\\/de\\\/kontakt\",\"name\":\"Heim fu\u0308r station\u00e4ren Aufenthalt bei psychischen und sozialen Problemen\",\"isPartOf\":{\"@id\":\"https:\\\/\\\/www.pre-aux-boeufs.ch\\\/de\\\/#website\"},\"primaryImageOfPage\":{\"@id\":\"https:\\\/\\\/www.pre-aux-boeufs.ch\\\/de\\\/kontakt#primaryimage\"},\"image\":{\"@id\":\"https:\\\/\\\/www.pre-aux-boeufs.ch\\\/de\\\/kontakt#primaryimage\"},\"thumbnailUrl\":\"https:\\\/\\\/www.pre-aux-boeufs.ch\\\/wp-content\\\/uploads\\\/sites\\\/4\\\/2023\\\/04\\\/IMG_1591-1_2000x1330_neu2_mittig_.jpg\",\"datePublished\":\"2023-04-13T07:35:25+00:00\",\"dateModified\":\"2026-03-26T09:36:57+00:00\",\"description\":\"Das Hospice le Pr\u00e9-aux-Boeufs ist ein Heim fu\u0308r station\u00e4ren Aufenthalt, Wohnenund Besch\u00e4ftigung fu\u0308r Menschen mit psychischen und sozialen Problemen undAbh\u00e4ngigkeitserkrankungen. Jetzt anmelden!\",\"breadcrumb\":{\"@id\":\"https:\\\/\\\/www.pre-aux-boeufs.ch\\\/de\\\/kontakt#breadcrumb\"},\"inLanguage\":\"de\",\"potentialAction\":[{\"@type\":\"ReadAction\",\"target\":[\"https:\\\/\\\/www.pre-aux-boeufs.ch\\\/de\\\/kontakt\"]}]},{\"@type\":\"ImageObject\",\"inLanguage\":\"de\",\"@id\":\"https:\\\/\\\/www.pre-aux-boeufs.ch\\\/de\\\/kontakt#primaryimage\",\"url\":\"https:\\\/\\\/www.pre-aux-boeufs.ch\\\/wp-content\\\/uploads\\\/sites\\\/4\\\/2023\\\/04\\\/IMG_1591-1_2000x1330_neu2_mittig_.jpg\",\"contentUrl\":\"https:\\\/\\\/www.pre-aux-boeufs.ch\\\/wp-content\\\/uploads\\\/sites\\\/4\\\/2023\\\/04\\\/IMG_1591-1_2000x1330_neu2_mittig_.jpg\",\"width\":2500,\"height\":1663},{\"@type\":\"BreadcrumbList\",\"@id\":\"https:\\\/\\\/www.pre-aux-boeufs.ch\\\/de\\\/kontakt#breadcrumb\",\"itemListElement\":[{\"@type\":\"ListItem\",\"position\":1,\"name\":\"Startseite\",\"item\":\"https:\\\/\\\/www.pre-aux-boeufs.ch\\\/de\"},{\"@type\":\"ListItem\",\"position\":2,\"name\":\"Kontakt\"}]},{\"@type\":\"WebSite\",\"@id\":\"https:\\\/\\\/www.pre-aux-boeufs.ch\\\/de\\\/#website\",\"url\":\"https:\\\/\\\/www.pre-aux-boeufs.ch\\\/de\\\/\",\"name\":\"pre-aux-boeufs.ch\",\"description\":\"\",\"potentialAction\":[{\"@type\":\"SearchAction\",\"target\":{\"@type\":\"EntryPoint\",\"urlTemplate\":\"https:\\\/\\\/www.pre-aux-boeufs.ch\\\/de\\\/?s={search_term_string}\"},\"query-input\":{\"@type\":\"PropertyValueSpecification\",\"valueRequired\":true,\"valueName\":\"search_term_string\"}}],\"inLanguage\":\"de\"}]}<\/script>\n<!-- \/ Yoast SEO plugin. -->","yoast_head_json":{"title":"Heim fu\u0308r station\u00e4ren Aufenthalt bei psychischen und sozialen Problemen","description":"Das Hospice le Pr\u00e9-aux-Boeufs ist ein Heim fu\u0308r station\u00e4ren Aufenthalt, Wohnenund Besch\u00e4ftigung fu\u0308r Menschen mit psychischen und sozialen Problemen undAbh\u00e4ngigkeitserkrankungen. Jetzt anmelden!","robots":{"index":"index","follow":"follow","max-snippet":"max-snippet:-1","max-image-preview":"max-image-preview:large","max-video-preview":"max-video-preview:-1"},"canonical":"https:\/\/www.pre-aux-boeufs.ch\/de\/kontakt","og_locale":"de_DE","og_type":"article","og_title":"Heim fu\u0308r station\u00e4ren Aufenthalt bei psychischen und sozialen Problemen","og_description":"Das Hospice le Pr\u00e9-aux-Boeufs ist ein Heim fu\u0308r station\u00e4ren Aufenthalt, Wohnenund Besch\u00e4ftigung fu\u0308r Menschen mit psychischen und sozialen Problemen undAbh\u00e4ngigkeitserkrankungen. Jetzt anmelden!","og_url":"https:\/\/www.pre-aux-boeufs.ch\/de\/kontakt","og_site_name":"pre-aux-boeufs.ch","article_modified_time":"2026-03-26T09:36:57+00:00","og_image":[{"width":2500,"height":1663,"url":"https:\/\/www.pre-aux-boeufs.ch\/wp-content\/uploads\/sites\/4\/2023\/04\/IMG_1591-1_2000x1330_neu2_mittig_.jpg","type":"image\/jpeg"}],"twitter_card":"summary_large_image","twitter_misc":{"Gesch\u00e4tzte Lesezeit":"4\u00a0Minuten"},"schema":{"@context":"https:\/\/schema.org","@graph":[{"@type":"WebPage","@id":"https:\/\/www.pre-aux-boeufs.ch\/de\/kontakt","url":"https:\/\/www.pre-aux-boeufs.ch\/de\/kontakt","name":"Heim fu\u0308r station\u00e4ren Aufenthalt bei psychischen und sozialen Problemen","isPartOf":{"@id":"https:\/\/www.pre-aux-boeufs.ch\/de\/#website"},"primaryImageOfPage":{"@id":"https:\/\/www.pre-aux-boeufs.ch\/de\/kontakt#primaryimage"},"image":{"@id":"https:\/\/www.pre-aux-boeufs.ch\/de\/kontakt#primaryimage"},"thumbnailUrl":"https:\/\/www.pre-aux-boeufs.ch\/wp-content\/uploads\/sites\/4\/2023\/04\/IMG_1591-1_2000x1330_neu2_mittig_.jpg","datePublished":"2023-04-13T07:35:25+00:00","dateModified":"2026-03-26T09:36:57+00:00","description":"Das Hospice le Pr\u00e9-aux-Boeufs ist ein Heim fu\u0308r station\u00e4ren Aufenthalt, Wohnenund Besch\u00e4ftigung fu\u0308r Menschen mit psychischen und sozialen Problemen undAbh\u00e4ngigkeitserkrankungen. Jetzt anmelden!","breadcrumb":{"@id":"https:\/\/www.pre-aux-boeufs.ch\/de\/kontakt#breadcrumb"},"inLanguage":"de","potentialAction":[{"@type":"ReadAction","target":["https:\/\/www.pre-aux-boeufs.ch\/de\/kontakt"]}]},{"@type":"ImageObject","inLanguage":"de","@id":"https:\/\/www.pre-aux-boeufs.ch\/de\/kontakt#primaryimage","url":"https:\/\/www.pre-aux-boeufs.ch\/wp-content\/uploads\/sites\/4\/2023\/04\/IMG_1591-1_2000x1330_neu2_mittig_.jpg","contentUrl":"https:\/\/www.pre-aux-boeufs.ch\/wp-content\/uploads\/sites\/4\/2023\/04\/IMG_1591-1_2000x1330_neu2_mittig_.jpg","width":2500,"height":1663},{"@type":"BreadcrumbList","@id":"https:\/\/www.pre-aux-boeufs.ch\/de\/kontakt#breadcrumb","itemListElement":[{"@type":"ListItem","position":1,"name":"Startseite","item":"https:\/\/www.pre-aux-boeufs.ch\/de"},{"@type":"ListItem","position":2,"name":"Kontakt"}]},{"@type":"WebSite","@id":"https:\/\/www.pre-aux-boeufs.ch\/de\/#website","url":"https:\/\/www.pre-aux-boeufs.ch\/de\/","name":"pre-aux-boeufs.ch","description":"","potentialAction":[{"@type":"SearchAction","target":{"@type":"EntryPoint","urlTemplate":"https:\/\/www.pre-aux-boeufs.ch\/de\/?s={search_term_string}"},"query-input":{"@type":"PropertyValueSpecification","valueRequired":true,"valueName":"search_term_string"}}],"inLanguage":"de"}]}},"_links":{"self":[{"href":"https:\/\/www.pre-aux-boeufs.ch\/de\/wp-json\/wp\/v2\/pages\/40","targetHints":{"allow":["GET"]}}],"collection":[{"href":"https:\/\/www.pre-aux-boeufs.ch\/de\/wp-json\/wp\/v2\/pages"}],"about":[{"href":"https:\/\/www.pre-aux-boeufs.ch\/de\/wp-json\/wp\/v2\/types\/page"}],"author":[{"embeddable":true,"href":"https:\/\/www.pre-aux-boeufs.ch\/de\/wp-json\/wp\/v2\/users\/9"}],"replies":[{"embeddable":true,"href":"https:\/\/www.pre-aux-boeufs.ch\/de\/wp-json\/wp\/v2\/comments?post=40"}],"version-history":[{"count":35,"href":"https:\/\/www.pre-aux-boeufs.ch\/de\/wp-json\/wp\/v2\/pages\/40\/revisions"}],"predecessor-version":[{"id":1941,"href":"https:\/\/www.pre-aux-boeufs.ch\/de\/wp-json\/wp\/v2\/pages\/40\/revisions\/1941"}],"wp:featuredmedia":[{"embeddable":true,"href":"https:\/\/www.pre-aux-boeufs.ch\/de\/wp-json\/wp\/v2\/media\/301"}],"wp:attachment":[{"href":"https:\/\/www.pre-aux-boeufs.ch\/de\/wp-json\/wp\/v2\/media?parent=40"}],"curies":[{"name":"wp","href":"https:\/\/api.w.org\/{rel}","templated":true}]}}