{"id":692,"date":"2023-11-21T16:54:22","date_gmt":"2023-11-21T15:54:22","guid":{"rendered":"https:\/\/www.pre-aux-boeufs.ch\/?page_id=692"},"modified":"2026-02-19T12:22:02","modified_gmt":"2026-02-19T11:22:02","slug":"datenschutz","status":"publish","type":"page","link":"https:\/\/www.pre-aux-boeufs.ch\/de\/datenschutz","title":{"rendered":"Datenschutz"},"content":{"rendered":"<div class=\"wpb-content-wrapper\"><p>[vc_row][vc_column el_class=&#8220;redColorLead&#8220;][vc_column_text]<\/p>\n<p style=\"text-align: center;\">Der Schutz Ihrer Personendaten und die Wahrung Ihrer Privatsph\u00e4re sind uns wichtig. Wir erheben und verwenden Ihre Personendaten ausschliesslich im Rahmen der geltenden gesetzlichen Bestimmungen, insbesondere dem Schweizerischen Datenschutzgesetz (DSG).<\/p>\n<p>[\/vc_column_text][\/vc_column][\/vc_row][vc_row gap=&#8220;35&#8243;][vc_column width=&#8220;1\/2&#8243;][vc_column_text css=&#8220;&#8220;]<strong>In dieser Datenschutzerkl\u00e4rung informieren wir Sie \u00fcber die wichtigsten Aspekte der Datenbearbeitung im Rahmen unserer T\u00e4tigkeiten sowie \u00fcber die Ihnen zustehenden datenschutzrechtlichen Anspr\u00fcche.<\/strong><\/p>\n<p>&nbsp;<\/p>\n<p><strong>1 Verantwortlicher<\/strong><\/p>\n<p>Der Verantwortliche im Sinne des Datenschutzrechts ist die:<\/p>\n<p><strong>Seelandheim AG<\/strong><br \/>\n<strong>Hauptstrasse 71<\/strong><br \/>\n<strong>3252 Worben<\/strong><br \/>\n<strong>Schweiz<\/strong><br \/>\nTelefon 032 387 96 96<br \/>\n<a href=\"mailto:datenschutz@seelandheim.ch\">E-Mail<\/a><\/p>\n<p>&nbsp;<\/p>\n<p><strong>2 Umfang der Datenerhebung und -bearbeitung<\/strong><br \/>\n<strong>2.1 Zugriffsdaten<\/strong><br \/>\nWenn Sie auf unsere Webseite zugreifen, werden durch den auf Ihrem Endger\u00e4t zum Einsatz kommen-den Browser automatisch Daten an den Server unserer Webseite gesendet. Diese Daten werden vor\u00fcbergehend in einer Protokolldatei, den sogenannten Server-Logfiles gespeichert. Die Zugriffsdaten umfassen insbesondere die IP-Adresse, die Art und die Version des Betriebssystems und des Browsers, die Referrer URL, das Datum und die Uhrzeit der Serveranfrage und \u00c4hnliches.<\/p>\n<p>Die Bearbeitung dieser Daten erfolgt zum Zweck, die Nutzung unserer Webseite zu erm\u00f6glichen (Verbindungsaufbau), die Systemsicherheit und -stabilit\u00e4t dauerhaft zu gew\u00e4hrleisten, zur Optimierung unseres Angebotes sowie zu internen statistischen Zwecken. Ein personenbezogenes Nutzerprofil wird nicht erstellt.<\/p>\n<p>&nbsp;<\/p>\n<p><strong>2.2 Kontaktformular<\/strong><br \/>\nWenn Sie mit uns zum Beispiel\u00a0via Kontaktformular, E-Mail oder per Telefon\u00a0in Kontakt treten, werden die von Ihnen gemachten Angaben ausschliesslich zur Konversation mit Ihnen bzw. zum Zwecke der Bearbeitung Ihrer Anfrage und deren Abwicklung bearbeitet.<\/p>\n<p>Wenn Sie Angaben zu Ihrer Gesundheit machen, erkl\u00e4ren Sie sich bei der Abgabe damit einverstanden, dass wir diese Angaben zur Bearbeitung Ihrer Anfrage bearbeiten. Ihr Einverst\u00e4ndnis uns gegen\u00fcber k\u00f6nnen Sie allerdings jederzeit widerrufen. Wir werden in dem Fall Ihre Anfrage nicht weiter bearbeiten.<\/p>\n<p>&nbsp;<\/p>\n<p><strong>2.3 Bewerbungen<br \/>\n<\/strong>Wenn Sie sich auf eine Stelle bei uns bewerben, bearbeiten wir diejenigen Personendaten, die wir im Rahmen des Bewerbungsverfahrens von Ihnen erhalten. Dazu geh\u00f6ren neben Ihren Angaben zur Person, Ausbildung, Arbeitserfahrung und F\u00e4higkeiten, die \u00fcblichen Korrespondenzdaten wie Postanschrift, E-Mail-Adresse und Telefonnummer. Zudem werden alle von Ihnen im Zusammenhang mit der Bewerbung eingereichten Unterlagen, wie Motivationsschreiben, Lebenslauf und die Zeugnisse bearbeitet. Daneben k\u00f6nnen uns Bewerber freiwillig zus\u00e4tzliche Informationen zukommen lassen. Diese Daten werden ausschliesslich im Rahmen Ihrer Bewerbung gespeichert, ausgewertet, bearbeitet oder intern weitergeleitet. Ferner k\u00f6nnen sie f\u00fcr statistische Zwecke (z. B. Reporting) bearbeitet werden. In diesem Fall sind keine R\u00fcckschl\u00fcsse auf einzelne Personen m\u00f6glich.<\/p>\n<p>Die Bearbeitung kann auch auf anderem elektronischem Wege erfolgen. Dies ist insbesondere dann der Fall, wenn Sie entsprechende Bewerbungsunterlagen auf dem elektronischen Wege, beispielsweise per E-Mail, an uns \u00fcbermitteln.<\/p>\n<p>Schliessen wir einen Arbeitsvertrag mit Ihnen, werden die \u00fcbermittelten Daten zum Zwecke der Abwicklung des Arbeitsverh\u00e4ltnisses unter Beachtung der gesetzlichen Vorschriften gespeichert. Endet das Bewerbungsverfahren ohne Anstellung, werden Ihre Personendaten gel\u00f6scht.<\/p>\n<p>&nbsp;<\/p>\n<p><strong>3 Cookies<\/strong><br \/>\nWir verwenden auf unserer Webseite sogenannte Cookies ein. Cookies sind kleine Textdateien, die auf Ihrem Computer abgelegt und gespeichert werden. Sie dienen dazu, unsere Webseite insgesamt nutzerfreundlicher und effektiver zu gestalten und Ihnen den Besuch auf unserer Webseite so angenehm wie m\u00f6glich zu machen. Cookies richten auf Ihrem Computer keinen Schaden an. Sie k\u00f6nnen keine Programme ausf\u00fchren und keine Viren enthalten.<\/p>\n<p>Session-Cookies werden automatisch gel\u00f6scht, wenn Sie sich ausloggen oder den Browser schliessen. Andere Cookies bleiben \u00fcber den jeweiligen Nutzungsvorgang hinaus auf Ihrem Computer gespeichert, bis Sie diese l\u00f6schen. Soweit andere Cookies (z. B. Cookies zur Analyse Ihres Surfverhaltens) gespeichert werden, werden diese in dieser Datenschutzerkl\u00e4rung gesondert behandelt.<\/p>\n<p>Die meisten Internetbrowser sind regelm\u00e4ssig so eingestellt, dass sie Cookies akzeptieren. Wollen Sie dies nicht, k\u00f6nnen Sie Ihren Browser so einrichten, dass er Sie \u00fcber das Setzen von Cookies informiert und Sie die Annahme von Cookies f\u00fcr bestimmte F\u00e4lle nur im Einzelfall erlauben oder generell ausschliessen. Sie k\u00f6nnen auch das automatische L\u00f6schen der Cookies beim Schliessen des Browsers aktivieren. Ausserdem k\u00f6nnen Sie bereits gesetzte Cookies jederzeit \u00fcber einen Internetbrowser oder andere Softwareprogramme l\u00f6schen.<\/p>\n<p>Die Vorgehensweise beim Kontrollieren und L\u00f6schen von Cookies ist von dem von Ihnen verwendeten Browser abh\u00e4ngig. Informationen dazu finden Sie in den Hilfeseiten Ihres Browsers sowie auf Webseiten wie <a href=\"http:\/\/www.allaboutcookies.org\" target=\"_blank\" rel=\"noopener noreferrer\">www.allaboutcookies.org<\/a> und <a href=\"http:\/\/www.youronlinechoices.eu\" target=\"_blank\" rel=\"noopener noreferrer\">www.youronlinechoices.eu<\/a>.<\/p>\n<p>&nbsp;<\/p>\n<p><strong>4 Google Analytics<\/strong><br \/>\nWir setzen auf unserer Webseite Google Analytics ein, einen Analyse-Dienst von Google LLC (1600 Amphitheatre Parkway, Mountain View, CA, USA) und Google Ireland Ltd. (Google Building Gordon House, Barrow St, Dublin 4, Irland; beide zusammen \u00abGoogle\u00bb, wobei Google Ireland Ltd. f\u00fcr die Bearbeitung von Personendaten verantwortlich ist). Google verwendet Cookie und \u00e4hnliche Technologien um bestimmte Informationen \u00fcber das Verhalten von einzelnen NutzerInnen zu erfassen.<\/p>\n<p>Google verwendet diese Informationen, um Ihre Nutzung unserer Webseite auszuwerten, um Reports \u00fcber die Webseitenaktivit\u00e4ten zusammenzustellen und um weitere mit der Webseiten- und der Internetnutzung verbundene Dienstleistungen uns gegen\u00fcber zu erbringen.<\/p>\n<p>Wir setzen Google Analytics nur mit aktivierter IP-Anonymisierung ein. Dadurch wird Ihre IP-Adresse von Google innerhalb der Schweiz bzw. der EU\/des EWR vor der \u00dcbermittlung in die USA gek\u00fcrzt. Nur in Ausnahmef\u00e4llen wird die volle IP-Adresse an einen Server von Google in den USA \u00fcbermittelt und dort gek\u00fcrzt.<\/p>\n<p>Sie k\u00f6nnen die Speicherung der Cookies durch eine entsprechende Einstellung Ihrer Browser-Software selbst unterbinden. Dar\u00fcber hinaus k\u00f6nnen Sie die Datenerfassung und -bearbeitung durch Google verhindern, indem Sie das unter dem folgenden Link verf\u00fcgbare Browser-Add-on herunterladen und installieren: <a href=\"https:\/\/tools.google.com\/dlpage\/gaoptout?hl=de\" target=\"_blank\" rel=\"noopener noreferrer\">https:\/\/tools.google.com\/dlpage\/gaoptout?hl=de<\/a>. Es wird ein Opt-Out-Cookie gesetzt, das die zuk\u00fcnftige Erfassung Ihrer Daten beim Besuch unserer Webseite verhindert. Wir weisen Sie jedoch darauf hin, dass Sie in diesem Fall gegebenenfalls nicht s\u00e4mtliche Funktionen dieser Webseite vollumf\u00e4nglich werden nutzen k\u00f6nnen.<\/p>\n<p>Weitere Informationen zum Datenschutz von Google Analytics finden Sie unter: <a href=\"https:\/\/policies.google.com\/privacy?hl=de\">https:\/\/policies.google.com\/privacy?hl=de<\/a> .[\/vc_column_text][\/vc_column][vc_column width=&#8220;1\/2&#8243;][vc_column_text css=&#8220;&#8220;]<strong>5 Google Tag Manager<\/strong><br \/>\nWir verwenden den Google Tag Manager, einen Dienst der Google LLC (1600 Amphitheatre Parkway, Mountain View, CA, USA) und Google Ireland Ltd. (Google Building Gordon House, Barrow St, Dublin 4, Irland; beide zusammen \u00abGoogle\u00bb, wobei Google Ireland Ltd. f\u00fcr die Bearbeitung von Personendaten verantwortlich ist).<\/p>\n<p>Durch diesen Dienst k\u00f6nnen wir unsere \u00abWebsite-Tags\u00bb verwalten. Google Tag Manager selbst, welches die Tags implementiert, ist eine cookielose Domain und erfasst keine personenbezogenen Daten. Das Tool sorgt jedoch f\u00fcr die Ausl\u00f6sung anderer Tags, die ihrerseits unter Umst\u00e4nden Daten erfassen. Google Tag Manager selbst greift dagegen nicht auf diese Daten zu. Wenn auf Domain- oder Cookie-Ebene eine Deaktivierung vorgenommen wurde, bleibt diese f\u00fcr alle Tracking-Tags bestehen, die mit Google Tag Manager implementiert werden.<\/p>\n<p>Sie k\u00f6nnen der interessenbezogenen Werbung durch Google grunds\u00e4tzlich widersprechen. Dazu rufen Sie \u00fcber Ihren Browser den Link: <a href=\"https:\/\/adssettings.google.de\" target=\"_blank\" rel=\"noopener noreferrer\">https:\/\/adssettings.google.de<\/a> auf und nehmen dort die gew\u00fcnschten Einstellungen vor.<\/p>\n<p>Weitere Informationen zum Google Tag Manager finden Sie unter: <a href=\"https:\/\/support.google.com\/tagmanager\/?hl=de#topic=3441530\" target=\"_blank\" rel=\"noopener noreferrer\">https:\/\/support.google.com\/tagmanager\/?hl=de#topic=3441530<\/a>\u00a0und <a href=\"https:\/\/marketingplatform.google.com\/about\/analytics\/tag-manager\/use-policy\/\" target=\"_blank\" rel=\"noopener noreferrer\">https:\/\/marketingplatform.google.com\/about\/analytics\/tag-manager\/use-policy\/<\/a><\/p>\n<p>&nbsp;<\/p>\n<p><strong>6 Weitergabe von Personendaten<\/strong><br \/>\nWir behandeln Ihre Personendaten grunds\u00e4tzlich vertraulich und geben sie nur weiter, wenn Sie dem ausdr\u00fccklich zugestimmt haben, wir rechtlich dazu verpflichtet oder berechtigt sind oder dies zur Durchsetzung unserer Rechte, insbesondere zur Durchsetzung von Anspr\u00fcchen aus dem Vertragsverh\u00e4ltnis, erforderlich ist. Dabei werden die rechtlichen Vorschriften zur Weitergabe von Personendaten an Dritte selbstverst\u00e4ndlich eingehalten.<\/p>\n<p>Sofern wir Dritte beiziehen, um unsere Leistungen bereitzustellen, ergreifen wir geeignete rechtliche Vorkehrungen sowie entsprechende technische und organisatorische Massnahmen, um f\u00fcr den Schutz Ihrer Personendaten gem\u00e4ss den einschl\u00e4gigen gesetzlichen Vorschriften zu sorgen.<\/p>\n<p>&nbsp;<\/p>\n<p><strong>7 Speicherdauer<\/strong><br \/>\nWir bearbeiten und speichern Ihre Personendaten nur so lange, wie es f\u00fcr die Erf\u00fcllung unserer vertraglichen und gesetzlichen Pflichten oder sonst f\u00fcr die mit der Bearbeitung verfolgten Zwecke erforderlich ist sowie dar\u00fcber hinaus gem\u00e4ss den gesetzlichen Aufbewahrungsfristen. Sobald Ihre Personendaten f\u00fcr die oben genannten Zwecke nicht mehr erforderlich sind oder eine vorgeschriebene Aufbewahrungsfrist abl\u00e4uft, werden Ihre Personendaten grunds\u00e4tzlich und soweit m\u00f6glich gel\u00f6scht oder gesperrt.<\/p>\n<p>&nbsp;<\/p>\n<p><strong>8 Datensicherheit<\/strong><br \/>\nWir haben technische und organisatorische Sicherheitsvorkehrungen getroffen, um Ihre Personendaten gegen Manipulationen, Verlust, Zerst\u00f6rung oder gegen den Zugriff unberechtigter Personen zu sch\u00fctzen. Hierzu geh\u00f6rt unter anderem die Verwendung von anerkannten Verschl\u00fcsselungsverfahren (z. B. Verschl\u00fcsselung mittels SSL\/TLS). Unsere Sicherheitsmassnahmen werden entsprechend der technologischen Entwicklung fortlaufend verbessert.<\/p>\n<p>Auch den eigenen, unternehmensinternen Datenschutz nehmen wir ernst. Unsere Mitarbeitenden und die von uns beauftragten Dienstleistungsunternehmen sind zur Verschwiegenheit und zur Einhaltung der datenschutzrechtlichen Bestimmungen verpflichtet. \u00dcberdies wird diesen der Zugriff auf Ihre Personendaten nur soweit notwendig gew\u00e4hrt.<\/p>\n<p>&nbsp;<\/p>\n<p><strong>9 Links zu anderen Webseiten<\/strong><br \/>\nUnsere Webseite kann Links zu anderen Webseiten enthalten, die nicht von uns betrieben werden und auf die sich diese Datenschutzerkl\u00e4rung nicht erstreckt. Nach Anklicken des Links haben wir keinen Einfluss mehr auf die Bearbeitung etwaiger Dritten \u00fcbertragener Daten (wie z. B. der IP-Adresse oder der URL), da das Verhalten Dritter naturgem\u00e4ss unserer Kontrolle entzogen ist. Deshalb k\u00f6nnen wir f\u00fcr diese fremden Inhalte auch keine Gew\u00e4hr \u00fcbernehmen. F\u00fcr die Inhalte der verlinkten Seiten ist stets der jeweilige Anbieter oder Betreiber der Seiten verantwortlich.<\/p>\n<p>&nbsp;<\/p>\n<p><strong>10 Soziale Netzwerke<\/strong><br \/>\nWir unterhalten Onlinepr\u00e4senzen innerhalb sozialer Netzwerke, um mit den dort aktiven Nutzer:innen zu kommunizieren und um Informationen \u00fcber uns sowie Produkte anzubieten.<\/p>\n<p class=\"font_9 wixui-rich-text__text\"><span class=\"wixGuard wixui-rich-text__text\">\u200b<\/span>Von der Webseite gelangen Sie \u00fcber Verlinkungen auf die jeweiligen Social Media Plattformen. Detaillierte Informationen sowie die Datenschutzbestimmungen der jeweiligen Plattform finden Sie wie folgt:<\/p>\n<p class=\"font_9 wixui-rich-text__text\"><span class=\"wixui-rich-text__text\"><span class=\"wixGuard wixui-rich-text__text\">\u200b<\/span><\/span><span class=\"wixui-rich-text__text\">LinkedIn<br \/>\n<\/span><span class=\"wixui-rich-text__text\">Detaillierte Informationen sowie die Datenschutzbestimmungen finden Sie hier: <\/span><span class=\"wixui-rich-text__text\"><a class=\"wixui-rich-text__text\" href=\"https:\/\/www.linkedin.com\/legal\/privacy-policy?_l=de_DE\" target=\"_blank\" rel=\"noreferrer noopener\">https:\/\/www.linkedin.com\/legal\/privacy-policy?_l=de_DE<\/a><\/span><\/p>\n<p class=\"font_9 wixui-rich-text__text\"><span class=\"wixui-rich-text__text\">Instagram<br \/>\n<\/span><span class=\"wixui-rich-text__text\">Detaillierte Informationen sowie die Datenschutzbestimmungen finden Sie hier: <\/span><span class=\"wixui-rich-text__text\"><a class=\"wixui-rich-text__text\" href=\"https:\/\/help.instagram.com\/519522125107875\" target=\"_blank\" rel=\"noreferrer noopener\">https:\/\/help.instagram.com\/519522125107875<\/a><\/span><\/p>\n<p class=\"font_9 wixui-rich-text__text\"><span class=\"wixui-rich-text__text\">Facebook<br \/>\n<\/span><span class=\"wixui-rich-text__text\">Detaillierte Informationen sowie die Datenschutzbestimmungen finden Sie hier: <\/span><span class=\"wixui-rich-text__text\"><a class=\"wixui-rich-text__text\" href=\"https:\/\/www.facebook.com\/policy.php\" target=\"_blank\" rel=\"noreferrer noopener\">https:\/\/www.facebook.com\/policy.php<\/a><\/span><\/p>\n<p class=\"font_9 wixui-rich-text__text\"><span class=\"wixui-rich-text__text\">X (ehemals Twitter)<br \/>\n<\/span><span class=\"wixui-rich-text__text\">Detaillierte Informationen sowie die Datenschutzbestimmungen finden Sie hier: <\/span><span class=\"wixui-rich-text__text\"><a class=\"wixui-rich-text__text\" href=\"https:\/\/twitter.com\/de\/privacy\" target=\"_blank\" rel=\"noreferrer noopener\">https:\/\/twitter.com\/de\/privacy<\/a><\/span><\/p>\n<p>&nbsp;<\/p>\n<p><strong>11 Ihre Rechte<\/strong><br \/>\nSie haben jederzeit das Recht auf unentgeltliche Auskunft \u00fcber Ihre gespeicherten Personendaten, deren Herkunft und Empf\u00e4nger und den Zweck der Datenbearbeitung sowie ein Recht auf Berichtigung, Sperrung oder L\u00f6schung dieser Daten. Ferner haben Sie das Recht, eine Einwilligung zur Verarbeitung von Personendaten jederzeit mit Wirkung f\u00fcr die Zukunft zu widerrufen. Hierzu sowie zu weiteren Fragen zum Thema Datenschutz k\u00f6nnen Sie sich jederzeit per <a href=\"mailto:datenschutz@seelandheim.ch\">E-Mail<\/a> an uns wenden.<\/p>\n<p>Bitte beachten Sie, dass f\u00fcr diese Rechte Ausnahmen gelten. Insbesondere m\u00fcssen wir Ihre Personendaten gegebenenfalls weiterhin bearbeiten und speichern, um einen Vertrag mit Ihnen zu erf\u00fcllen, um gesetzliche Verpflichtungen einzuhalten, oder aber um eigene schutzw\u00fcrdige Interessen zu wahren. Soweit rechtlich zul\u00e4ssig, k\u00f6nnen wir daher Ihre datenschutzbezogenen Begehren auch ablehnen oder diesen nur eingeschr\u00e4nkt entsprechen.<\/p>\n<p>&nbsp;<\/p>\n<p><strong>12 \u00c4nderungen der Datenschutzerkl\u00e4rung<\/strong><br \/>\nWir behalten uns ausdr\u00fccklich das Recht vor, diese Datenschutzerkl\u00e4rung jederzeit und nach unserem freien Ermessen abzu\u00e4ndern und zu erg\u00e4nzen.<\/p>\n<p>Letzte Aktualisierung: Februar 2026[\/vc_column_text][\/vc_column][\/vc_row]<\/p>\n<\/div>","protected":false},"excerpt":{"rendered":"<p>[vc_row][vc_column el_class=&#8220;redColorLead&#8220;][vc_column_text] Der Schutz Ihrer Personendaten und die Wahrung Ihrer Privatsph\u00e4re sind uns wichtig. Wir erheben und verwenden Ihre Personendaten ausschliesslich im Rahmen der geltenden gesetzlichen Bestimmungen, insbesondere dem Schweizerischen Datenschutzgesetz (DSG). [\/vc_column_text][\/vc_column][\/vc_row][vc_row gap=&#8220;35&#8243;][vc_column width=&#8220;1\/2&#8243;][vc_column_text css=&#8220;&#8220;]In dieser Datenschutzerkl\u00e4rung informieren wir Sie \u00fcber die wichtigsten Aspekte der Datenbearbeitung im Rahmen unserer T\u00e4tigkeiten sowie \u00fcber die Ihnen [&hellip;]<\/p>\n","protected":false},"author":9,"featured_media":0,"parent":0,"menu_order":6,"comment_status":"closed","ping_status":"closed","template":"fullwidth.php","meta":{"footnotes":""},"class_list":["post-692","page","type-page","status-publish","hentry"],"yoast_head":"<!-- This site is optimized with the Yoast SEO plugin v27.4 - https:\/\/yoast.com\/product\/yoast-seo-wordpress\/ -->\n<title>Datenschutz - pre-aux-boeufs.ch<\/title>\n<meta name=\"robots\" content=\"index, follow, max-snippet:-1, max-image-preview:large, max-video-preview:-1\" \/>\n<link rel=\"canonical\" href=\"https:\/\/www.pre-aux-boeufs.ch\/de\/datenschutz\" \/>\n<meta property=\"og:locale\" content=\"de_DE\" \/>\n<meta property=\"og:type\" content=\"article\" \/>\n<meta property=\"og:title\" content=\"Datenschutz - pre-aux-boeufs.ch\" \/>\n<meta property=\"og:description\" content=\"[vc_row][vc_column el_class=&#8220;redColorLead&#8220;][vc_column_text] Der Schutz Ihrer Personendaten und die Wahrung Ihrer Privatsph\u00e4re sind uns wichtig. Wir erheben und verwenden Ihre Personendaten ausschliesslich im Rahmen der geltenden gesetzlichen Bestimmungen, insbesondere dem Schweizerischen Datenschutzgesetz (DSG). [\/vc_column_text][\/vc_column][\/vc_row][vc_row gap=&#8220;35&#8243;][vc_column width=&#8220;1\/2&#8243;][vc_column_text css=&#8220;&#8220;]In dieser Datenschutzerkl\u00e4rung informieren wir Sie \u00fcber die wichtigsten Aspekte der Datenbearbeitung im Rahmen unserer T\u00e4tigkeiten sowie \u00fcber die Ihnen [&hellip;]\" \/>\n<meta property=\"og:url\" content=\"https:\/\/www.pre-aux-boeufs.ch\/de\/datenschutz\" \/>\n<meta property=\"og:site_name\" content=\"pre-aux-boeufs.ch\" \/>\n<meta property=\"article:modified_time\" content=\"2026-02-19T11:22:02+00:00\" \/>\n<meta name=\"twitter:card\" content=\"summary_large_image\" \/>\n<meta name=\"twitter:label1\" content=\"Gesch\u00e4tzte Lesezeit\" \/>\n\t<meta name=\"twitter:data1\" content=\"10\u00a0Minuten\" \/>\n<script type=\"application\/ld+json\" class=\"yoast-schema-graph\">{\"@context\":\"https:\\\/\\\/schema.org\",\"@graph\":[{\"@type\":\"WebPage\",\"@id\":\"https:\\\/\\\/www.pre-aux-boeufs.ch\\\/de\\\/datenschutz\",\"url\":\"https:\\\/\\\/www.pre-aux-boeufs.ch\\\/de\\\/datenschutz\",\"name\":\"Datenschutz - pre-aux-boeufs.ch\",\"isPartOf\":{\"@id\":\"https:\\\/\\\/www.pre-aux-boeufs.ch\\\/de\\\/#website\"},\"datePublished\":\"2023-11-21T15:54:22+00:00\",\"dateModified\":\"2026-02-19T11:22:02+00:00\",\"breadcrumb\":{\"@id\":\"https:\\\/\\\/www.pre-aux-boeufs.ch\\\/de\\\/datenschutz#breadcrumb\"},\"inLanguage\":\"de\",\"potentialAction\":[{\"@type\":\"ReadAction\",\"target\":[\"https:\\\/\\\/www.pre-aux-boeufs.ch\\\/de\\\/datenschutz\"]}]},{\"@type\":\"BreadcrumbList\",\"@id\":\"https:\\\/\\\/www.pre-aux-boeufs.ch\\\/de\\\/datenschutz#breadcrumb\",\"itemListElement\":[{\"@type\":\"ListItem\",\"position\":1,\"name\":\"Startseite\",\"item\":\"https:\\\/\\\/www.pre-aux-boeufs.ch\\\/de\"},{\"@type\":\"ListItem\",\"position\":2,\"name\":\"Datenschutz\"}]},{\"@type\":\"WebSite\",\"@id\":\"https:\\\/\\\/www.pre-aux-boeufs.ch\\\/de\\\/#website\",\"url\":\"https:\\\/\\\/www.pre-aux-boeufs.ch\\\/de\\\/\",\"name\":\"pre-aux-boeufs.ch\",\"description\":\"\",\"potentialAction\":[{\"@type\":\"SearchAction\",\"target\":{\"@type\":\"EntryPoint\",\"urlTemplate\":\"https:\\\/\\\/www.pre-aux-boeufs.ch\\\/de\\\/?s={search_term_string}\"},\"query-input\":{\"@type\":\"PropertyValueSpecification\",\"valueRequired\":true,\"valueName\":\"search_term_string\"}}],\"inLanguage\":\"de\"}]}<\/script>\n<!-- \/ Yoast SEO plugin. -->","yoast_head_json":{"title":"Datenschutz - pre-aux-boeufs.ch","robots":{"index":"index","follow":"follow","max-snippet":"max-snippet:-1","max-image-preview":"max-image-preview:large","max-video-preview":"max-video-preview:-1"},"canonical":"https:\/\/www.pre-aux-boeufs.ch\/de\/datenschutz","og_locale":"de_DE","og_type":"article","og_title":"Datenschutz - pre-aux-boeufs.ch","og_description":"[vc_row][vc_column el_class=&#8220;redColorLead&#8220;][vc_column_text] Der Schutz Ihrer Personendaten und die Wahrung Ihrer Privatsph\u00e4re sind uns wichtig. Wir erheben und verwenden Ihre Personendaten ausschliesslich im Rahmen der geltenden gesetzlichen Bestimmungen, insbesondere dem Schweizerischen Datenschutzgesetz (DSG). [\/vc_column_text][\/vc_column][\/vc_row][vc_row gap=&#8220;35&#8243;][vc_column width=&#8220;1\/2&#8243;][vc_column_text css=&#8220;&#8220;]In dieser Datenschutzerkl\u00e4rung informieren wir Sie \u00fcber die wichtigsten Aspekte der Datenbearbeitung im Rahmen unserer T\u00e4tigkeiten sowie \u00fcber die Ihnen [&hellip;]","og_url":"https:\/\/www.pre-aux-boeufs.ch\/de\/datenschutz","og_site_name":"pre-aux-boeufs.ch","article_modified_time":"2026-02-19T11:22:02+00:00","twitter_card":"summary_large_image","twitter_misc":{"Gesch\u00e4tzte Lesezeit":"10\u00a0Minuten"},"schema":{"@context":"https:\/\/schema.org","@graph":[{"@type":"WebPage","@id":"https:\/\/www.pre-aux-boeufs.ch\/de\/datenschutz","url":"https:\/\/www.pre-aux-boeufs.ch\/de\/datenschutz","name":"Datenschutz - pre-aux-boeufs.ch","isPartOf":{"@id":"https:\/\/www.pre-aux-boeufs.ch\/de\/#website"},"datePublished":"2023-11-21T15:54:22+00:00","dateModified":"2026-02-19T11:22:02+00:00","breadcrumb":{"@id":"https:\/\/www.pre-aux-boeufs.ch\/de\/datenschutz#breadcrumb"},"inLanguage":"de","potentialAction":[{"@type":"ReadAction","target":["https:\/\/www.pre-aux-boeufs.ch\/de\/datenschutz"]}]},{"@type":"BreadcrumbList","@id":"https:\/\/www.pre-aux-boeufs.ch\/de\/datenschutz#breadcrumb","itemListElement":[{"@type":"ListItem","position":1,"name":"Startseite","item":"https:\/\/www.pre-aux-boeufs.ch\/de"},{"@type":"ListItem","position":2,"name":"Datenschutz"}]},{"@type":"WebSite","@id":"https:\/\/www.pre-aux-boeufs.ch\/de\/#website","url":"https:\/\/www.pre-aux-boeufs.ch\/de\/","name":"pre-aux-boeufs.ch","description":"","potentialAction":[{"@type":"SearchAction","target":{"@type":"EntryPoint","urlTemplate":"https:\/\/www.pre-aux-boeufs.ch\/de\/?s={search_term_string}"},"query-input":{"@type":"PropertyValueSpecification","valueRequired":true,"valueName":"search_term_string"}}],"inLanguage":"de"}]}},"_links":{"self":[{"href":"https:\/\/www.pre-aux-boeufs.ch\/de\/wp-json\/wp\/v2\/pages\/692","targetHints":{"allow":["GET"]}}],"collection":[{"href":"https:\/\/www.pre-aux-boeufs.ch\/de\/wp-json\/wp\/v2\/pages"}],"about":[{"href":"https:\/\/www.pre-aux-boeufs.ch\/de\/wp-json\/wp\/v2\/types\/page"}],"author":[{"embeddable":true,"href":"https:\/\/www.pre-aux-boeufs.ch\/de\/wp-json\/wp\/v2\/users\/9"}],"replies":[{"embeddable":true,"href":"https:\/\/www.pre-aux-boeufs.ch\/de\/wp-json\/wp\/v2\/comments?post=692"}],"version-history":[{"count":6,"href":"https:\/\/www.pre-aux-boeufs.ch\/de\/wp-json\/wp\/v2\/pages\/692\/revisions"}],"predecessor-version":[{"id":1885,"href":"https:\/\/www.pre-aux-boeufs.ch\/de\/wp-json\/wp\/v2\/pages\/692\/revisions\/1885"}],"wp:attachment":[{"href":"https:\/\/www.pre-aux-boeufs.ch\/de\/wp-json\/wp\/v2\/media?parent=692"}],"curies":[{"name":"wp","href":"https:\/\/api.w.org\/{rel}","templated":true}]}}