{"id":340,"date":"2025-07-03T07:00:41","date_gmt":"2025-07-03T05:00:41","guid":{"rendered":"https:\/\/newpab.seelandheim.ch\/?page_id=340"},"modified":"2026-02-23T13:08:52","modified_gmt":"2026-02-23T12:08:52","slug":"lehrstelle_fabe_fr","status":"publish","type":"page","link":"https:\/\/www.pre-aux-boeufs.ch\/fr\/postes\/lehrstelle_fabe_fr","title":{"rendered":"Lehrstelle_FaBe_fr"},"content":{"rendered":"<div class=\"wpb-content-wrapper\"><p>[vc_row full_width=\u00a0\u00bbstretch_row_content\u00a0\u00bb][vc_column][\/vc_column][vc_column][\/vc_column][\/vc_row][vc_row el_id=\u00a0\u00bbarbeiten\u00a0\u00bb][vc_column]\n        <div class=\"vcBlock-titel\"><p>REJOINS L\u2019\u00c9QUIPE<\/p><h2>Place d'apprentissage vacante<\/h2>\n        <\/div>[\/vc_column][\/vc_row][vc_row full_width=\u00a0\u00bbstretch_row_content\u00a0\u00bb][vc_column]<div class=\"vc-block-img\"><div data-responsive-background-image><img decoding=\"async\" src=\"https:\/\/www.pre-aux-boeufs.ch\/wp-content\/uploads\/sites\/4\/2023\/04\/G2A8949-1_2000x1330_neu-1024x681.jpg\"\n                    srcset=\"https:\/\/www.pre-aux-boeufs.ch\/wp-content\/uploads\/sites\/4\/2023\/04\/G2A8949-1_2000x1330_neu-300x200.jpg 300w, https:\/\/www.pre-aux-boeufs.ch\/wp-content\/uploads\/sites\/4\/2023\/04\/G2A8949-1_2000x1330_neu-1024x681.jpg 1024w, https:\/\/www.pre-aux-boeufs.ch\/wp-content\/uploads\/sites\/4\/2023\/04\/G2A8949-1_2000x1330_neu-768x511.jpg 768w, https:\/\/www.pre-aux-boeufs.ch\/wp-content\/uploads\/sites\/4\/2023\/04\/G2A8949-1_2000x1330_neu-1536x1021.jpg 1536w, https:\/\/www.pre-aux-boeufs.ch\/wp-content\/uploads\/sites\/4\/2023\/04\/G2A8949-1_2000x1330_neu.jpg 2000w\" ><\/div><\/div>[\/vc_column][\/vc_row][vc_row gap=\u00a0\u00bb35&Prime;][vc_column width=\u00a0\u00bb1\/2&Prime;][vc_column_text css=\u00a0\u00bb\u00a0\u00bb]L&rsquo;Hospice Le Pr\u00e9-aux-Boeufs se d\u00e9finit en tant que foyer et lieu d&rsquo;occupation pour une centaine de personnes souffrant de probl\u00e8mes socio-psychologiques et de d\u00e9pendances.<\/p>\n<p>L\u2019hospice accueille des client\u00b7e\u00b7s germanophones et francophones qui peuvent se d\u00e9placer librement. L\u2019offre propos\u00e9e est \u00e0 bas seuil et \u00e0 but non th\u00e9rapeutique. L\u2019institution suit les principes suivants: structure quotidienne minimale r\u00e9gl\u00e9e, l\u2019abstinence n\u2019est pas demand\u00e9e; distribution contr\u00f4l\u00e9e d\u2019alcool; offre d\u2019activit\u00e9s, d\u2019occupations et de places de travail diversifi\u00e9es; aucune obligation de travail. Objectifs suivi: r\u00e9duction des risques (stabilisation de la consommation d\u2019alcool \u00e0 un niveau relativement bas) et une vie d\u00e9cente malgr\u00e9 la d\u00e9pendance. Les r\u00e9sident\u00b7e\u00b7s affectent souvent des diagnostics multiples psychiatriques chroniques.<\/p>\n<p>&nbsp;<\/p>\n<p>A partir de l&rsquo;\u00e9t\u00e9 2026, nous proposons la place d&rsquo;apprentissage suivante:<\/p>\n<p>&nbsp;<\/p>\n<h3>Assistant\u00b7e socio-\u00e9ducatif\u00b7ve CFC (ASE)<\/h3>\n<p>&nbsp;<\/p>\n<p><strong>Domaine d\u2018activit\u00e9<\/strong><\/p>\n<ul>\n<li>Accompagnement, prise en charge et soins de personnes ayant des probl\u00e8mes psychiques et se trouvant dans des situations de vie difficiles<\/li>\n<li>Soutien des r\u00e9sident\u00b7e\u00b7s dans leurs objectifs personnels, visant leur perspective de l\u2019avenir<\/li>\n<\/ul>\n<p>&nbsp;<\/p>\n<p><strong>Nos attentes<\/strong><\/p>\n<ul>\n<li>Plaisir \u00e0 travailler avec des personnes souffrant de probl\u00e8mes psychiques<\/li>\n<li>Bonnes aptitudes relationnelles<\/li>\n<li>Scolarit\u00e9 obligatoire achev\u00e9e (bulletins de l\u2019\u00e9cole secondaire ou de coll\u00e8ge avec de bons r\u00e9sultats)<\/li>\n<li>Bonne capacit\u00e9 d&rsquo;expression orale et \u00e9crite en allemand et en fran\u00e7ais<\/li>\n<\/ul>\n<p>&nbsp;<\/p>\n<p><strong>Nous offrons<\/strong><\/p>\n<p>En tant qu&#8217;employeur attrayant, nous te proposons une formation passionnante et approfondie. Notre objectif est de te former afin que tu deviennes un professionnel responsable et autonome, qui aura beaucoup de plaisir et d&rsquo;enthousiasme \u00e0 pratiquer son m\u00e9tier.<\/p>\n<p>&nbsp;<\/p>\n<p><strong>Points forts<\/strong><\/p>\n<ul>\n<li>6 semaines de vacances<\/li>\n<li>T\u00e2ches vari\u00e9es, exigeantes et gratifiantes<\/li>\n<li>R\u00e9mun\u00e9ration ad\u00e9quate et prestations sociales<\/li>\n<li>Offre de restauration \u00e0 prix avantageux<\/li>\n<\/ul>\n<p>&nbsp;<\/p>\n<p><strong>Tu souhaites en savoir plus ?<\/strong><strong><br \/>\n<\/strong>Alors prends contact avec nous. Samir Islamoski, responsable habitat, se fera un plaisir de te renseigner, Tel. 032 962 69 43, <a href=\"s.islamoski@pre-aux-boeufs.ch\">E-Mail<\/a><\/p>\n<p>&nbsp;<\/p>\n<p><strong>Nous avons \u00e9veill\u00e9 ton int\u00e9r\u00eat ?<br \/>\n<\/strong>Alors envoie ton dossier de candidature complet \u00e0 :<br \/>\n<a href=\"s.islamoski@pre-aux-boeufs.ch\">Samir Islamoski<\/a><\/p>\n<p><strong>Documents demand\u00e9s :<br \/>\n<\/strong>lettre de motivation, CV, bulletins des deux derni\u00e8res ann\u00e9es[\/vc_column_text][\/vc_column][vc_column width=\u00a0\u00bb1\/2&Prime; el_class=\u00a0\u00bbredColor\u00a0\u00bb][vc_separator][vc_column_text css=\u00a0\u00bb.vc_custom_1663682999299{padding-bottom: 20px !important;}\u00a0\u00bb]<\/p>\n<h3>CE QUE TU APPORTES<\/h3>\n<p>[\/vc_column_text][vc_column_text][\/vc_column_text][vc_progress_bar values=\u00a0\u00bb%5B%7B%22label%22%3A%22Int%C3%A9r%C3%AAt%20pour%20les%20personnes%22%2C%22value%22%3A%22100%22%7D%2C%7B%22label%22%3A%22Empathie%22%2C%22value%22%3A%2290%22%7D%2C%7B%22label%22%3A%22Sens%20des%20responsabilit%C3%A9s%20%22%2C%22value%22%3A%22100%22%7D%2C%7B%22label%22%3A%22Bon%20sens%20de%20l&rsquo;observation%20et%20capacit%C3%A9%20de%20r%C3%A9action%20rapide%22%2C%22value%22%3A%2290%22%7D%5D\u00a0\u00bb bgcolor=\u00a0\u00bbcustom\u00a0\u00bb customtxtcolor=\u00a0\u00bb#ffffff\u00a0\u00bb custombgcolor=\u00a0\u00bb#17a05c\u00a0\u00bb units=\u00a0\u00bb%\u00a0\u00bb][vc_separator][vc_video link=\u00a0\u00bbhttps:\/\/vimeo.com\/1144920181\/f7a8fcb73f\u00a0\u00bb css=\u00a0\u00bb\u00a0\u00bb][vc_separator][vc_column_text css=\u00a0\u00bb\u00a0\u00bb]<\/p>\n<h3>INFORMATIONS SUR L&rsquo;OFFRE D&rsquo;EMPLOI<\/h3>\n<p><strong>Date de l&rsquo;annonce d&#8217;emploi<\/strong><br \/>\n10.02.2026<\/p>\n<p><strong>Lieu de travail<\/strong><br \/>\nSonvilier (BE)<\/p>\n<p><strong>Contrat de travail<\/strong><br \/>\nEmploi \u00e0 dur\u00e9e d\u00e9termin\u00e9e de 3 ans<\/p>\n<p><strong>Fonction<\/strong><br \/>\napprenti<\/p>\n<p><strong>Taux d&rsquo;occupation<\/strong><br \/>\ntemps plein 100%<\/p>\n<p><strong>Entr\u00e9e en fonction<\/strong><br \/>\n\u00e0 partir du 1er ao\u00fbt 2026[\/vc_column_text][vc_separator]<div class=\"vc-block-button\">\n            <a class=\"linkclass iconclass \" target=\"_self\" href=\"https:\/\/www.pre-aux-boeufs.ch\/de\/stellen\/#arbeiten\">Des conditions d'emploi attractives<\/a><\/div><div class=\"vc-block-button\">\n            <a class=\"linkclass iconclass \" target=\"_blank\" href=\"https:\/\/www.srf.ch\/play\/tv\/dok\/video\/ganz-unten---ein-ort-im-jura-wo-scheitern-erlaubt-ist?urn=urn:srf:video:11226298-58fb-46bb-9d7c-68d20ab73e62\">Documentaire de la SRF<\/a><\/div>[\/vc_column][\/vc_row][vc_row full_width=\u00a0\u00bbstretch_row_content\u00a0\u00bb][vc_column][vc_separator][\/vc_column][\/vc_row][vc_row full_width=\u00a0\u00bbstretch_row_content\u00a0\u00bb][vc_column width=\u00a0\u00bb1\/2&Prime;]<div class=\"vcBlockTeam\"><div data-responsive-background-image><img decoding=\"async\" src=\"https:\/\/www.pre-aux-boeufs.ch\/wp-content\/uploads\/sites\/4\/2023\/04\/G2A2701-1_1200x800_neu-1024x683.jpg\"\n                    srcset=\"https:\/\/www.pre-aux-boeufs.ch\/wp-content\/uploads\/sites\/4\/2023\/04\/G2A2701-1_1200x800_neu-300x200.jpg 300w, https:\/\/www.pre-aux-boeufs.ch\/wp-content\/uploads\/sites\/4\/2023\/04\/G2A2701-1_1200x800_neu-1024x683.jpg 1024w, https:\/\/www.pre-aux-boeufs.ch\/wp-content\/uploads\/sites\/4\/2023\/04\/G2A2701-1_1200x800_neu-768x512.jpg 768w, https:\/\/www.pre-aux-boeufs.ch\/wp-content\/uploads\/sites\/4\/2023\/04\/G2A2701-1_1200x800_neu.jpg 1200w\" ><\/div><div class=\"teamname\">Islem Zaibi<\/div><div class=\"content\">Responsable habitat<\/p>\n<p>T\u00e9l\u00e9phone 032 962 69 43<br \/>\n<a href=\"mailto:i.zaibi@pre-aux-boeufs.ch\" target=\"_blank\" rel=\"noopener\">E-Mail<\/a><\/div><\/div>[\/vc_column][vc_column width=\u00a0\u00bb1\/2&Prime;]<div class=\"vcBlockTeam\"><div data-responsive-background-image><img decoding=\"async\" src=\"https:\/\/www.pre-aux-boeufs.ch\/wp-content\/uploads\/sites\/4\/2023\/04\/G2A2866-1_1200x800_neu2-1024x683.jpg\"\n                    srcset=\"https:\/\/www.pre-aux-boeufs.ch\/wp-content\/uploads\/sites\/4\/2023\/04\/G2A2866-1_1200x800_neu2-300x200.jpg 300w, https:\/\/www.pre-aux-boeufs.ch\/wp-content\/uploads\/sites\/4\/2023\/04\/G2A2866-1_1200x800_neu2-1024x683.jpg 1024w, https:\/\/www.pre-aux-boeufs.ch\/wp-content\/uploads\/sites\/4\/2023\/04\/G2A2866-1_1200x800_neu2-768x512.jpg 768w, https:\/\/www.pre-aux-boeufs.ch\/wp-content\/uploads\/sites\/4\/2023\/04\/G2A2866-1_1200x800_neu2.jpg 1200w\" ><\/div><div class=\"teamname\">Marisa Da Silva<\/div><div class=\"content\">Directrice<br \/>\nMembre du comit\u00e9 de direction Seelandheim AG<\/p>\n<p>T\u00e9l\u00e9phone 032 962 69 09<br \/>\n<a href=\"mailto:m.dasilva@pre-aux-boeufs.ch\" target=\"_blank\" rel=\"noopener\">E-Mail<\/a><\/div><\/div>[\/vc_column][\/vc_row][vc_row][vc_column]\n        <div class=\"vcBlock-titel\"><p>Postuler maintenant!<\/p><h3>Nous nous r\u00e9jouissons<br \/>\nde te rencontrer<\/h3>\n        <\/div>[\/vc_column][\/vc_row][vc_row css=\u00a0\u00bb.vc_custom_1581673418920{padding-top: 10px !important;padding-bottom: 10px !important;}\u00a0\u00bb][vc_column width=\u00a0\u00bb1\/3&Prime;]<div class=\"vc-block-button-icon\">\n            <a class=\"center iconLinkPhone \" target=\"_self\" href=\"tel:0329626900\">032 962 69 00<\/a><\/div>[\/vc_column][vc_column width=\u00a0\u00bb1\/3&Prime;]<div class=\"vc-block-button-icon\">\n            <a class=\"center iconLinkMail \" target=\"_blank\" href=\"mailto:contact@pre-aux-boeufs.ch\">contact@pre-aux-boeufs.ch<\/a><\/div>[\/vc_column][vc_column width=\u00a0\u00bb1\/3&Prime;]<div class=\"vc-block-button-icon\">\n            <a class=\"center iconLinkBenefit \" target=\"_self\" href=\"\/fr\/postes#travailler\">Avantages<\/a><\/div>[\/vc_column][\/vc_row]<\/p>\n<\/div>","protected":false},"excerpt":{"rendered":"<p>[vc_row full_width=\u00a0\u00bbstretch_row_content\u00a0\u00bb][vc_column][\/vc_column][vc_column][\/vc_column][\/vc_row][vc_row el_id=\u00a0\u00bbarbeiten\u00a0\u00bb][vc_column][\/vc_column][\/vc_row][vc_row full_width=\u00a0\u00bbstretch_row_content\u00a0\u00bb][vc_column][\/vc_column][\/vc_row][vc_row gap=\u00a0\u00bb35&Prime;][vc_column width=\u00a0\u00bb1\/2&Prime;][vc_column_text css=\u00a0\u00bb\u00a0\u00bb]L&rsquo;Hospice Le Pr\u00e9-aux-Boeufs se d\u00e9finit en tant que foyer et lieu d&rsquo;occupation pour une centaine de personnes souffrant de probl\u00e8mes socio-psychologiques et de d\u00e9pendances. L\u2019hospice accueille des client\u00b7e\u00b7s germanophones et francophones qui peuvent se d\u00e9placer librement. L\u2019offre propos\u00e9e est \u00e0 bas seuil et \u00e0 but non th\u00e9rapeutique. L\u2019institution suit [&hellip;]<\/p>\n","protected":false},"author":9,"featured_media":0,"parent":317,"menu_order":4,"comment_status":"closed","ping_status":"closed","template":"fullwidth.php","meta":{"footnotes":""},"class_list":["post-340","page","type-page","status-publish","hentry"],"yoast_head":"<!-- This site is optimized with the Yoast SEO plugin v27.4 - https:\/\/yoast.com\/product\/yoast-seo-wordpress\/ -->\n<title>Place d&#039;apprentissage assistant\u00b7e socio-\u00e9ducatif\u00b7ve CFC (ASE)<\/title>\n<meta name=\"description\" content=\"Fais ta formation \u00e0 l\u2019hospice ! Nous avons une place d\u2019apprentissage libre en 2026 \u2013 nous nous r\u00e9jouissons de ta candidature.\" \/>\n<meta name=\"robots\" content=\"index, follow, max-snippet:-1, max-image-preview:large, max-video-preview:-1\" \/>\n<link rel=\"canonical\" href=\"https:\/\/www.pre-aux-boeufs.ch\/fr\/postes\/lehrstelle_fabe_fr\" \/>\n<meta property=\"og:locale\" content=\"fr_FR\" \/>\n<meta property=\"og:type\" content=\"article\" \/>\n<meta property=\"og:title\" content=\"Place d&#039;apprentissage assistant\u00b7e socio-\u00e9ducatif\u00b7ve CFC (ASE)\" \/>\n<meta property=\"og:description\" content=\"Fais ta formation \u00e0 l\u2019hospice ! Nous avons une place d\u2019apprentissage libre en 2026 \u2013 nous nous r\u00e9jouissons de ta candidature.\" \/>\n<meta property=\"og:url\" content=\"https:\/\/www.pre-aux-boeufs.ch\/fr\/postes\/lehrstelle_fabe_fr\" \/>\n<meta property=\"og:site_name\" content=\"pre-aux-boeufs.ch\" \/>\n<meta property=\"article:modified_time\" content=\"2026-02-23T12:08:52+00:00\" \/>\n<meta property=\"og:image\" content=\"https:\/\/www.pre-aux-boeufs.ch\/wp-content\/uploads\/sites\/4\/2024\/01\/G2A8949-1_social.jpg\" \/>\n\t<meta property=\"og:image:width\" content=\"1200\" \/>\n\t<meta property=\"og:image:height\" content=\"631\" \/>\n\t<meta property=\"og:image:type\" content=\"image\/jpeg\" \/>\n<meta name=\"twitter:card\" content=\"summary_large_image\" \/>\n<meta name=\"twitter:label1\" content=\"Dur\u00e9e de lecture estim\u00e9e\" \/>\n\t<meta name=\"twitter:data1\" content=\"4 minutes\" \/>\n<script type=\"application\/ld+json\" class=\"yoast-schema-graph\">{\"@context\":\"https:\\\/\\\/schema.org\",\"@graph\":[{\"@type\":\"WebPage\",\"@id\":\"https:\\\/\\\/www.pre-aux-boeufs.ch\\\/fr\\\/postes\\\/lehrstelle_fabe_fr\",\"url\":\"https:\\\/\\\/www.pre-aux-boeufs.ch\\\/fr\\\/postes\\\/lehrstelle_fabe_fr\",\"name\":\"Place d'apprentissage assistant\u00b7e socio-\u00e9ducatif\u00b7ve CFC (ASE)\",\"isPartOf\":{\"@id\":\"https:\\\/\\\/www.pre-aux-boeufs.ch\\\/fr#website\"},\"datePublished\":\"2025-07-03T05:00:41+00:00\",\"dateModified\":\"2026-02-23T12:08:52+00:00\",\"description\":\"Fais ta formation \u00e0 l\u2019hospice ! Nous avons une place d\u2019apprentissage libre en 2026 \u2013 nous nous r\u00e9jouissons de ta candidature.\",\"breadcrumb\":{\"@id\":\"https:\\\/\\\/www.pre-aux-boeufs.ch\\\/fr\\\/postes\\\/lehrstelle_fabe_fr#breadcrumb\"},\"inLanguage\":\"fr-FR\",\"potentialAction\":[{\"@type\":\"ReadAction\",\"target\":[\"https:\\\/\\\/www.pre-aux-boeufs.ch\\\/fr\\\/postes\\\/lehrstelle_fabe_fr\"]}]},{\"@type\":\"BreadcrumbList\",\"@id\":\"https:\\\/\\\/www.pre-aux-boeufs.ch\\\/fr\\\/postes\\\/lehrstelle_fabe_fr#breadcrumb\",\"itemListElement\":[{\"@type\":\"ListItem\",\"position\":1,\"name\":\"Startseite\",\"item\":\"https:\\\/\\\/www.pre-aux-boeufs.ch\\\/fr\"},{\"@type\":\"ListItem\",\"position\":2,\"name\":\"Postes\",\"item\":\"https:\\\/\\\/www.pre-aux-boeufs.ch\\\/fr\\\/postes\"},{\"@type\":\"ListItem\",\"position\":3,\"name\":\"Lehrstelle_FaBe_fr\"}]},{\"@type\":\"WebSite\",\"@id\":\"https:\\\/\\\/www.pre-aux-boeufs.ch\\\/fr#website\",\"url\":\"https:\\\/\\\/www.pre-aux-boeufs.ch\\\/fr\",\"name\":\"pre-aux-boeufs.ch\",\"description\":\"\",\"potentialAction\":[{\"@type\":\"SearchAction\",\"target\":{\"@type\":\"EntryPoint\",\"urlTemplate\":\"https:\\\/\\\/www.pre-aux-boeufs.ch\\\/fr?s={search_term_string}\"},\"query-input\":{\"@type\":\"PropertyValueSpecification\",\"valueRequired\":true,\"valueName\":\"search_term_string\"}}],\"inLanguage\":\"fr-FR\"}]}<\/script>\n<!-- \/ Yoast SEO plugin. -->","yoast_head_json":{"title":"Place d'apprentissage assistant\u00b7e socio-\u00e9ducatif\u00b7ve CFC (ASE)","description":"Fais ta formation \u00e0 l\u2019hospice ! Nous avons une place d\u2019apprentissage libre en 2026 \u2013 nous nous r\u00e9jouissons de ta candidature.","robots":{"index":"index","follow":"follow","max-snippet":"max-snippet:-1","max-image-preview":"max-image-preview:large","max-video-preview":"max-video-preview:-1"},"canonical":"https:\/\/www.pre-aux-boeufs.ch\/fr\/postes\/lehrstelle_fabe_fr","og_locale":"fr_FR","og_type":"article","og_title":"Place d'apprentissage assistant\u00b7e socio-\u00e9ducatif\u00b7ve CFC (ASE)","og_description":"Fais ta formation \u00e0 l\u2019hospice ! Nous avons une place d\u2019apprentissage libre en 2026 \u2013 nous nous r\u00e9jouissons de ta candidature.","og_url":"https:\/\/www.pre-aux-boeufs.ch\/fr\/postes\/lehrstelle_fabe_fr","og_site_name":"pre-aux-boeufs.ch","article_modified_time":"2026-02-23T12:08:52+00:00","og_image":[{"width":1200,"height":631,"url":"https:\/\/www.pre-aux-boeufs.ch\/wp-content\/uploads\/sites\/4\/2024\/01\/G2A8949-1_social.jpg","type":"image\/jpeg"}],"twitter_card":"summary_large_image","twitter_misc":{"Dur\u00e9e de lecture estim\u00e9e":"4 minutes"},"schema":{"@context":"https:\/\/schema.org","@graph":[{"@type":"WebPage","@id":"https:\/\/www.pre-aux-boeufs.ch\/fr\/postes\/lehrstelle_fabe_fr","url":"https:\/\/www.pre-aux-boeufs.ch\/fr\/postes\/lehrstelle_fabe_fr","name":"Place d'apprentissage assistant\u00b7e socio-\u00e9ducatif\u00b7ve CFC (ASE)","isPartOf":{"@id":"https:\/\/www.pre-aux-boeufs.ch\/fr#website"},"datePublished":"2025-07-03T05:00:41+00:00","dateModified":"2026-02-23T12:08:52+00:00","description":"Fais ta formation \u00e0 l\u2019hospice ! Nous avons une place d\u2019apprentissage libre en 2026 \u2013 nous nous r\u00e9jouissons de ta candidature.","breadcrumb":{"@id":"https:\/\/www.pre-aux-boeufs.ch\/fr\/postes\/lehrstelle_fabe_fr#breadcrumb"},"inLanguage":"fr-FR","potentialAction":[{"@type":"ReadAction","target":["https:\/\/www.pre-aux-boeufs.ch\/fr\/postes\/lehrstelle_fabe_fr"]}]},{"@type":"BreadcrumbList","@id":"https:\/\/www.pre-aux-boeufs.ch\/fr\/postes\/lehrstelle_fabe_fr#breadcrumb","itemListElement":[{"@type":"ListItem","position":1,"name":"Startseite","item":"https:\/\/www.pre-aux-boeufs.ch\/fr"},{"@type":"ListItem","position":2,"name":"Postes","item":"https:\/\/www.pre-aux-boeufs.ch\/fr\/postes"},{"@type":"ListItem","position":3,"name":"Lehrstelle_FaBe_fr"}]},{"@type":"WebSite","@id":"https:\/\/www.pre-aux-boeufs.ch\/fr#website","url":"https:\/\/www.pre-aux-boeufs.ch\/fr","name":"pre-aux-boeufs.ch","description":"","potentialAction":[{"@type":"SearchAction","target":{"@type":"EntryPoint","urlTemplate":"https:\/\/www.pre-aux-boeufs.ch\/fr?s={search_term_string}"},"query-input":{"@type":"PropertyValueSpecification","valueRequired":true,"valueName":"search_term_string"}}],"inLanguage":"fr-FR"}]}},"_links":{"self":[{"href":"https:\/\/www.pre-aux-boeufs.ch\/fr\/wp-json\/wp\/v2\/pages\/340","targetHints":{"allow":["GET"]}}],"collection":[{"href":"https:\/\/www.pre-aux-boeufs.ch\/fr\/wp-json\/wp\/v2\/pages"}],"about":[{"href":"https:\/\/www.pre-aux-boeufs.ch\/fr\/wp-json\/wp\/v2\/types\/page"}],"author":[{"embeddable":true,"href":"https:\/\/www.pre-aux-boeufs.ch\/fr\/wp-json\/wp\/v2\/users\/9"}],"replies":[{"embeddable":true,"href":"https:\/\/www.pre-aux-boeufs.ch\/fr\/wp-json\/wp\/v2\/comments?post=340"}],"version-history":[{"count":12,"href":"https:\/\/www.pre-aux-boeufs.ch\/fr\/wp-json\/wp\/v2\/pages\/340\/revisions"}],"predecessor-version":[{"id":1891,"href":"https:\/\/www.pre-aux-boeufs.ch\/fr\/wp-json\/wp\/v2\/pages\/340\/revisions\/1891"}],"up":[{"embeddable":true,"href":"https:\/\/www.pre-aux-boeufs.ch\/fr\/wp-json\/wp\/v2\/pages\/317"}],"wp:attachment":[{"href":"https:\/\/www.pre-aux-boeufs.ch\/fr\/wp-json\/wp\/v2\/media?parent=340"}],"curies":[{"name":"wp","href":"https:\/\/api.w.org\/{rel}","templated":true}]}}