{"id":955,"date":"2024-05-23T16:01:41","date_gmt":"2024-05-23T14:01:41","guid":{"rendered":"https:\/\/www.pre-aux-boeufs.ch\/?page_id=955"},"modified":"2024-05-23T16:06:56","modified_gmt":"2024-05-23T14:06:56","slug":"lannonce-est-expiree","status":"publish","type":"page","link":"https:\/\/www.pre-aux-boeufs.ch\/fr\/postes\/lannonce-est-expiree","title":{"rendered":"L&rsquo;annonce est expir\u00e9e"},"content":{"rendered":"<div class=\"wpb-content-wrapper\"><p>[vc_row][vc_column]\n        <div class=\"vcBlock-titel\"><p>L'ANNONCE EST EXPIR\u00c9E<\/p><h2>D\u00e9couvrir de nouvelles possibilit\u00e9s<\/h2>\n        <\/div>[\/vc_column][\/vc_row][vc_row][vc_column][vc_column_text]<\/p>\n<p style=\"text-align: center;\">L&rsquo;annonce recherch\u00e9e a expir\u00e9.<\/p>\n<p style=\"text-align: center;\">Lorsque les d\u00e9lais passent, de nouvelles portes s&rsquo;ouvrent pour ta recherche. Consulte nos offres d&#8217;emploi actuelles et d\u00e9couvre de nouvelles opportunit\u00e9s chez nous. La prochaine opportunit\u00e9 t&rsquo;attend peut-\u00eatre d\u00e9j\u00e0.<\/p>\n<p>[\/vc_column_text][\/vc_column][\/vc_row][vc_row][vc_column]<div class=\"vc-block-button\">\n            <a class=\"center iconclass \" target=\"_self\" href=\"https:\/\/www.pre-aux-boeufs.ch\/fr\/postes\">Vers les postes vacants<\/a><\/div>[\/vc_column][\/vc_row]<\/p>\n<\/div>","protected":false},"excerpt":{"rendered":"<p>[vc_row][vc_column][\/vc_column][\/vc_row][vc_row][vc_column][vc_column_text] L&rsquo;annonce recherch\u00e9e a expir\u00e9. Lorsque les d\u00e9lais passent, de nouvelles portes s&rsquo;ouvrent pour ta recherche. Consulte nos offres d&#8217;emploi actuelles et d\u00e9couvre de nouvelles opportunit\u00e9s chez nous. La prochaine opportunit\u00e9 t&rsquo;attend peut-\u00eatre d\u00e9j\u00e0. [\/vc_column_text][\/vc_column][\/vc_row][vc_row][vc_column][\/vc_column][\/vc_row]<\/p>\n","protected":false},"author":9,"featured_media":0,"parent":317,"menu_order":0,"comment_status":"closed","ping_status":"closed","template":"fullwidth.php","meta":{"footnotes":""},"class_list":["post-955","page","type-page","status-publish","hentry"],"yoast_head":"<!-- This site is optimized with the Yoast SEO plugin v27.4 - https:\/\/yoast.com\/product\/yoast-seo-wordpress\/ -->\n<title>L&#039;annonce est expir\u00e9e - pre-aux-boeufs.ch<\/title>\n<meta name=\"robots\" content=\"index, follow, max-snippet:-1, max-image-preview:large, max-video-preview:-1\" \/>\n<link rel=\"canonical\" href=\"https:\/\/www.pre-aux-boeufs.ch\/fr\/postes\/lannonce-est-expiree\" \/>\n<meta property=\"og:locale\" content=\"fr_FR\" \/>\n<meta property=\"og:type\" content=\"article\" \/>\n<meta property=\"og:title\" content=\"L&#039;annonce est expir\u00e9e - pre-aux-boeufs.ch\" \/>\n<meta property=\"og:description\" content=\"[vc_row][vc_column][\/vc_column][\/vc_row][vc_row][vc_column][vc_column_text] L&rsquo;annonce recherch\u00e9e a expir\u00e9. Lorsque les d\u00e9lais passent, de nouvelles portes s&rsquo;ouvrent pour ta recherche. Consulte nos offres d&#8217;emploi actuelles et d\u00e9couvre de nouvelles opportunit\u00e9s chez nous. La prochaine opportunit\u00e9 t&rsquo;attend peut-\u00eatre d\u00e9j\u00e0. [\/vc_column_text][\/vc_column][\/vc_row][vc_row][vc_column][\/vc_column][\/vc_row]\" \/>\n<meta property=\"og:url\" content=\"https:\/\/www.pre-aux-boeufs.ch\/fr\/postes\/lannonce-est-expiree\" \/>\n<meta property=\"og:site_name\" content=\"pre-aux-boeufs.ch\" \/>\n<meta property=\"article:modified_time\" content=\"2024-05-23T14:06:56+00:00\" \/>\n<meta name=\"twitter:card\" content=\"summary_large_image\" \/>\n<meta name=\"twitter:label1\" content=\"Dur\u00e9e de lecture estim\u00e9e\" \/>\n\t<meta name=\"twitter:data1\" content=\"1 minute\" \/>\n<script type=\"application\/ld+json\" class=\"yoast-schema-graph\">{\"@context\":\"https:\\\/\\\/schema.org\",\"@graph\":[{\"@type\":\"WebPage\",\"@id\":\"https:\\\/\\\/www.pre-aux-boeufs.ch\\\/fr\\\/postes\\\/lannonce-est-expiree\",\"url\":\"https:\\\/\\\/www.pre-aux-boeufs.ch\\\/fr\\\/postes\\\/lannonce-est-expiree\",\"name\":\"L'annonce est expir\u00e9e - pre-aux-boeufs.ch\",\"isPartOf\":{\"@id\":\"https:\\\/\\\/www.pre-aux-boeufs.ch\\\/fr#website\"},\"datePublished\":\"2024-05-23T14:01:41+00:00\",\"dateModified\":\"2024-05-23T14:06:56+00:00\",\"breadcrumb\":{\"@id\":\"https:\\\/\\\/www.pre-aux-boeufs.ch\\\/fr\\\/postes\\\/lannonce-est-expiree#breadcrumb\"},\"inLanguage\":\"fr-FR\",\"potentialAction\":[{\"@type\":\"ReadAction\",\"target\":[\"https:\\\/\\\/www.pre-aux-boeufs.ch\\\/fr\\\/postes\\\/lannonce-est-expiree\"]}]},{\"@type\":\"BreadcrumbList\",\"@id\":\"https:\\\/\\\/www.pre-aux-boeufs.ch\\\/fr\\\/postes\\\/lannonce-est-expiree#breadcrumb\",\"itemListElement\":[{\"@type\":\"ListItem\",\"position\":1,\"name\":\"Startseite\",\"item\":\"https:\\\/\\\/www.pre-aux-boeufs.ch\\\/fr\"},{\"@type\":\"ListItem\",\"position\":2,\"name\":\"Postes\",\"item\":\"https:\\\/\\\/www.pre-aux-boeufs.ch\\\/fr\\\/postes\"},{\"@type\":\"ListItem\",\"position\":3,\"name\":\"L&#8217;annonce est expir\u00e9e\"}]},{\"@type\":\"WebSite\",\"@id\":\"https:\\\/\\\/www.pre-aux-boeufs.ch\\\/fr#website\",\"url\":\"https:\\\/\\\/www.pre-aux-boeufs.ch\\\/fr\",\"name\":\"pre-aux-boeufs.ch\",\"description\":\"\",\"potentialAction\":[{\"@type\":\"SearchAction\",\"target\":{\"@type\":\"EntryPoint\",\"urlTemplate\":\"https:\\\/\\\/www.pre-aux-boeufs.ch\\\/fr?s={search_term_string}\"},\"query-input\":{\"@type\":\"PropertyValueSpecification\",\"valueRequired\":true,\"valueName\":\"search_term_string\"}}],\"inLanguage\":\"fr-FR\"}]}<\/script>\n<!-- \/ Yoast SEO plugin. -->","yoast_head_json":{"title":"L'annonce est expir\u00e9e - pre-aux-boeufs.ch","robots":{"index":"index","follow":"follow","max-snippet":"max-snippet:-1","max-image-preview":"max-image-preview:large","max-video-preview":"max-video-preview:-1"},"canonical":"https:\/\/www.pre-aux-boeufs.ch\/fr\/postes\/lannonce-est-expiree","og_locale":"fr_FR","og_type":"article","og_title":"L'annonce est expir\u00e9e - pre-aux-boeufs.ch","og_description":"[vc_row][vc_column][\/vc_column][\/vc_row][vc_row][vc_column][vc_column_text] L&rsquo;annonce recherch\u00e9e a expir\u00e9. Lorsque les d\u00e9lais passent, de nouvelles portes s&rsquo;ouvrent pour ta recherche. Consulte nos offres d&#8217;emploi actuelles et d\u00e9couvre de nouvelles opportunit\u00e9s chez nous. La prochaine opportunit\u00e9 t&rsquo;attend peut-\u00eatre d\u00e9j\u00e0. [\/vc_column_text][\/vc_column][\/vc_row][vc_row][vc_column][\/vc_column][\/vc_row]","og_url":"https:\/\/www.pre-aux-boeufs.ch\/fr\/postes\/lannonce-est-expiree","og_site_name":"pre-aux-boeufs.ch","article_modified_time":"2024-05-23T14:06:56+00:00","twitter_card":"summary_large_image","twitter_misc":{"Dur\u00e9e de lecture estim\u00e9e":"1 minute"},"schema":{"@context":"https:\/\/schema.org","@graph":[{"@type":"WebPage","@id":"https:\/\/www.pre-aux-boeufs.ch\/fr\/postes\/lannonce-est-expiree","url":"https:\/\/www.pre-aux-boeufs.ch\/fr\/postes\/lannonce-est-expiree","name":"L'annonce est expir\u00e9e - pre-aux-boeufs.ch","isPartOf":{"@id":"https:\/\/www.pre-aux-boeufs.ch\/fr#website"},"datePublished":"2024-05-23T14:01:41+00:00","dateModified":"2024-05-23T14:06:56+00:00","breadcrumb":{"@id":"https:\/\/www.pre-aux-boeufs.ch\/fr\/postes\/lannonce-est-expiree#breadcrumb"},"inLanguage":"fr-FR","potentialAction":[{"@type":"ReadAction","target":["https:\/\/www.pre-aux-boeufs.ch\/fr\/postes\/lannonce-est-expiree"]}]},{"@type":"BreadcrumbList","@id":"https:\/\/www.pre-aux-boeufs.ch\/fr\/postes\/lannonce-est-expiree#breadcrumb","itemListElement":[{"@type":"ListItem","position":1,"name":"Startseite","item":"https:\/\/www.pre-aux-boeufs.ch\/fr"},{"@type":"ListItem","position":2,"name":"Postes","item":"https:\/\/www.pre-aux-boeufs.ch\/fr\/postes"},{"@type":"ListItem","position":3,"name":"L&#8217;annonce est expir\u00e9e"}]},{"@type":"WebSite","@id":"https:\/\/www.pre-aux-boeufs.ch\/fr#website","url":"https:\/\/www.pre-aux-boeufs.ch\/fr","name":"pre-aux-boeufs.ch","description":"","potentialAction":[{"@type":"SearchAction","target":{"@type":"EntryPoint","urlTemplate":"https:\/\/www.pre-aux-boeufs.ch\/fr?s={search_term_string}"},"query-input":{"@type":"PropertyValueSpecification","valueRequired":true,"valueName":"search_term_string"}}],"inLanguage":"fr-FR"}]}},"_links":{"self":[{"href":"https:\/\/www.pre-aux-boeufs.ch\/fr\/wp-json\/wp\/v2\/pages\/955","targetHints":{"allow":["GET"]}}],"collection":[{"href":"https:\/\/www.pre-aux-boeufs.ch\/fr\/wp-json\/wp\/v2\/pages"}],"about":[{"href":"https:\/\/www.pre-aux-boeufs.ch\/fr\/wp-json\/wp\/v2\/types\/page"}],"author":[{"embeddable":true,"href":"https:\/\/www.pre-aux-boeufs.ch\/fr\/wp-json\/wp\/v2\/users\/9"}],"replies":[{"embeddable":true,"href":"https:\/\/www.pre-aux-boeufs.ch\/fr\/wp-json\/wp\/v2\/comments?post=955"}],"version-history":[{"count":3,"href":"https:\/\/www.pre-aux-boeufs.ch\/fr\/wp-json\/wp\/v2\/pages\/955\/revisions"}],"predecessor-version":[{"id":958,"href":"https:\/\/www.pre-aux-boeufs.ch\/fr\/wp-json\/wp\/v2\/pages\/955\/revisions\/958"}],"up":[{"embeddable":true,"href":"https:\/\/www.pre-aux-boeufs.ch\/fr\/wp-json\/wp\/v2\/pages\/317"}],"wp:attachment":[{"href":"https:\/\/www.pre-aux-boeufs.ch\/fr\/wp-json\/wp\/v2\/media?parent=955"}],"curies":[{"name":"wp","href":"https:\/\/api.w.org\/{rel}","templated":true}]}}